{"id":404,"date":"2023-03-19T19:58:00","date_gmt":"2023-03-19T17:58:00","guid":{"rendered":"https:\/\/saltshakerwp.com\/caratteristiche\/"},"modified":"2025-03-29T22:20:27","modified_gmt":"2025-03-29T20:20:27","slug":"caratteristiche","status":"publish","type":"page","link":"https:\/\/saltshakerwp.com\/it\/caratteristiche\/","title":{"rendered":"Caratteristiche"},"content":{"rendered":"\n<p>Salt Shaker PRO rafforza la sicurezza del tuo WordPress permettendoti di cambiare le chiavi salt manualmente o automaticamente. Ti chiedi se devi davvero cambiarle? Vediamo cosa dicono i pezzi grossi di WordPress:  <\/p>\n\n<blockquote class=\"wp-block-quote is-layout-flow wp-block-quote-is-layout-flow\">\n<p>L&#8217;idea di base \u00e8 che cambiando periodicamente le tue chiavi e salt, rendi ancora pi\u00f9 difficile per un malintenzionato mettere le mani sui tuoi salt.<\/p>\n\n\n\n<p>Inoltre, cambiare i salt disconnetter\u00e0 automaticamente tutti gli utenti connessi al tuo sito e li costringer\u00e0 a riconnettersi, il che \u00e8 un altro potenziale vantaggio. Per esempio, se ti sei connesso per sbaglio su un computer pubblico e hai dimenticato di disconnetterti, questo ti permetterebbe di forzare la disconnessione di quell&#8217;account per assicurarti che nessuno possa accedervi. <\/p>\n<cite><a href=\"https:\/\/kinsta.com\/knowledgebase\/wordpress-salts\/#plugin\" target=\"_blank\" rel=\"noopener\">Kinsta<\/a><\/cite><\/blockquote>\n\n<blockquote class=\"wp-block-quote is-layout-flow wp-block-quote-is-layout-flow\">\n<p>Quando le chiavi di sicurezza e i salt di WordPress vengono cambiati, tutti gli utenti verranno automaticamente disconnessi. Questo \u00e8 particolarmente utile se ti connetti spesso al tuo sito WordPress su diversi dispositivi o browser, dato che il rischio di compromettere i tuoi dati di accesso \u00e8 ancora pi\u00f9 alto. <\/p>\n\n\n\n<p>Cambiare regolarmente i salt e le chiavi di autenticazione di WordPress \u00e8 anche un modo efficace per eliminare l&#8217;accesso degli hacker al back-end del tuo sito. Hai l&#8217;opzione di bloccarli cambiando le chiavi salt e la password. <\/p>\n<cite><a href=\"https:\/\/www.hostinger.com\/tutorials\/wordpress-salts\" target=\"_blank\" rel=\"noopener\">Hostinger<\/a><\/cite><\/blockquote>\n\n<blockquote class=\"wp-block-quote is-layout-flow wp-block-quote-is-layout-flow\">\n<p>Quando accedi a WordPress, hai l&#8217;opzione di rimanere connesso a lungo termine. Per farlo, WordPress memorizza i tuoi dati di accesso nei cookie invece che in una sessione PHP. I malintenzionati possono rubare i tuoi cookie in vari modi, lasciando il tuo sito vulnerabile.   <\/p>\n\n\n\n<p>Per rendere pi\u00f9 difficile agli attaccanti usare i dati dei cookie, puoi sfruttare le chiavi SALT. Le chiavi SALT di WordPress crittografano la tua password, rendendola pi\u00f9 difficile da indovinare. Inoltre, \u00e8 praticamente impossibile per gli hacker semplicemente &#8216;decifrare&#8217; il risultato per ottenere la password originale.  <\/p>\n<cite><a href=\"https:\/\/wpengine.com\/resources\/generate-wordpress-salt-keys\/#Method_1_Using_a_Plugin\" target=\"_blank\" rel=\"noopener\">WPEngine<\/a><\/cite><\/blockquote>\n\n<p>Salt Shaker PRO rende facilissimo cambiare le tue chiavi salt. Va oltre per assicurarsi che non te ne dimentichi mai. <\/p>\n<div class=\"gb-container gb-container-42a1924c\">\n<div class=\"gb-container gb-container-600fea21\">\n\n<div class=\"wp-block-columns is-layout-flex wp-container-core-columns-is-layout-9d6595d7 wp-block-columns-is-layout-flex\">\n<div class=\"wp-block-column is-layout-flow wp-block-column-is-layout-flow\">\n<h2 class=\"gb-headline gb-headline-502accae\"><span class=\"gb-icon\"><svg xmlns=\"http:\/\/www.w3.org\/2000\/svg\" viewbox=\"0 0 256 256\" fill=\"#000000\" height=\"32\" width=\"32\"><path d=\"M184,64V192a8,8,0,0,1-16,0V64a8,8,0,0,1,16,0Zm40-8a8,8,0,0,0-8,8V192a8,8,0,0,0,16,0V64A8,8,0,0,0,224,56Zm-80,72a15.76,15.76,0,0,1-7.33,13.34L48.48,197.49A15.91,15.91,0,0,1,24,184.15V71.85A15.91,15.91,0,0,1,48.48,58.51l88.19,56.15A15.76,15.76,0,0,1,144,128Zm-16.18,0L40,72.08V183.93Z\"><\/path><\/svg><\/span><span class=\"gb-headline-text\">Generazione Automatica<\/span><\/h2>\n\n\n\n<p>Le chiavi salt di WordPress mancano? Non preoccuparti, Salt Shaker PRO ti copre le spalle. Assicura la presenza delle chiavi e le genera persino per te.  <\/p>\n<\/div>\n\n\n\n<div class=\"wp-block-column is-layout-flow wp-block-column-is-layout-flow\">\n<figure class=\"gb-block-image gb-block-image-1611cc46\"><img decoding=\"async\" width=\"1049\" height=\"262\" class=\"gb-image gb-image-1611cc46\" src=\"https:\/\/saltshakerwp.com\/wp-content\/uploads\/2023\/03\/salt-keys-not-found-notice.png\" alt=\"\" title=\"salt-keys-not-found-notice\" srcset=\"https:\/\/saltshakerwp.com\/wp-content\/uploads\/2023\/03\/salt-keys-not-found-notice.png 1049w, https:\/\/saltshakerwp.com\/wp-content\/uploads\/2023\/03\/salt-keys-not-found-notice-300x75.png 300w, https:\/\/saltshakerwp.com\/wp-content\/uploads\/2023\/03\/salt-keys-not-found-notice-1024x256.png 1024w, https:\/\/saltshakerwp.com\/wp-content\/uploads\/2023\/03\/salt-keys-not-found-notice-768x192.png 768w\" sizes=\"(max-width: 1049px) 100vw, 1049px\" \/><\/figure>\n<\/div>\n<\/div>\n\n<\/div>\n<\/div><div class=\"gb-container gb-container-ba2236bc\">\n<div class=\"gb-container gb-container-24f96d2e\">\n\n<div class=\"wp-block-columns is-layout-flex wp-container-core-columns-is-layout-9d6595d7 wp-block-columns-is-layout-flex\">\n<div class=\"wp-block-column is-layout-flow wp-block-column-is-layout-flow\">\n<h2 class=\"gb-headline gb-headline-dc8f873a\"><span class=\"gb-icon\"><svg xmlns=\"http:\/\/www.w3.org\/2000\/svg\" viewbox=\"0 0 256 256\" fill=\"#000000\" height=\"32\" width=\"32\"><path d=\"M184,64V192a8,8,0,0,1-16,0V64a8,8,0,0,1,16,0Zm40-8a8,8,0,0,0-8,8V192a8,8,0,0,0,16,0V64A8,8,0,0,0,224,56Zm-80,72a15.76,15.76,0,0,1-7.33,13.34L48.48,197.49A15.91,15.91,0,0,1,24,184.15V71.85A15.91,15.91,0,0,1,48.48,58.51l88.19,56.15A15.76,15.76,0,0,1,144,128Zm-16.18,0L40,72.08V183.93Z\"><\/path><\/svg><\/span><span class=\"gb-headline-text\">Aggiornamenti Manuali<\/span><\/h2>\n\n\n\n<p>Salt Shaker PRO ti d\u00e0 la possibilit\u00e0 di aggiornare manualmente le tue chiavi salt di WordPress e ti offre anche l&#8217;opzione di ricevere promemoria puntuali nel caso tu dimentichi di aggiornare le chiavi salt per un lungo periodo.<\/p>\n<\/div>\n\n\n\n<div class=\"wp-block-column is-layout-flow wp-block-column-is-layout-flow\">\n<figure class=\"gb-block-image gb-block-image-59639584\"><img decoding=\"async\" width=\"1117\" height=\"607\" class=\"gb-image gb-image-59639584\" src=\"https:\/\/saltshakerwp.com\/wp-content\/uploads\/2023\/03\/salt-keys-manual-change.png\" alt=\"\" title=\"salt-keys-manual-change\" srcset=\"https:\/\/saltshakerwp.com\/wp-content\/uploads\/2023\/03\/salt-keys-manual-change.png 1117w, https:\/\/saltshakerwp.com\/wp-content\/uploads\/2023\/03\/salt-keys-manual-change-300x163.png 300w, https:\/\/saltshakerwp.com\/wp-content\/uploads\/2023\/03\/salt-keys-manual-change-1024x556.png 1024w, https:\/\/saltshakerwp.com\/wp-content\/uploads\/2023\/03\/salt-keys-manual-change-768x417.png 768w\" sizes=\"(max-width: 1117px) 100vw, 1117px\" \/><\/figure>\n<\/div>\n<\/div>\n\n<\/div>\n<\/div><div class=\"gb-container gb-container-acf1b355\">\n<div class=\"gb-container gb-container-3263ae20\">\n<div class=\"gb-grid-wrapper gb-grid-wrapper-22b7d705\">\n<div class=\"gb-grid-column gb-grid-column-5bc62504\"><div class=\"gb-container gb-container-5bc62504\">\n\n<h2 class=\"gb-headline gb-headline-61abde67\"><span class=\"gb-icon\"><svg xmlns=\"http:\/\/www.w3.org\/2000\/svg\" viewbox=\"0 0 256 256\" fill=\"#000000\" height=\"32\" width=\"32\"><path d=\"M128,40a96,96,0,1,0,96,96A96.11,96.11,0,0,0,128,40Zm0,176a80,80,0,1,1,80-80A80.09,80.09,0,0,1,128,216ZM173.66,90.34a8,8,0,0,1,0,11.32l-40,40a8,8,0,0,1-11.32-11.32l40-40A8,8,0,0,1,173.66,90.34ZM96,16a8,8,0,0,1,8-8h48a8,8,0,0,1,0,16H104A8,8,0,0,1,96,16Z\"><\/path><\/svg><\/span><span class=\"gb-headline-text\">Aggiornamenti Programmati<\/span><\/h2>\n\n\n\n<p>Salt Shaker PRO ti offre pi\u00f9 della semplice possibilit\u00e0 di programmare aggiornamenti regolari per le tue chiavi salt di WordPress. Hai anche la libert\u00e0 di scegliere l&#8217;ora esatta del giorno, il giorno della settimana e il giorno del mese in cui le chiavi dovrebbero essere aggiornate. In pi\u00f9, puoi scegliere di ricevere notifiche via email una volta completato l&#8217;aggiornamento.  <\/p>\n\n<\/div><\/div>\n\n<div class=\"gb-grid-column gb-grid-column-4ac87ece\"><div class=\"gb-container gb-container-4ac87ece\">\n\n<figure class=\"gb-block-image gb-block-image-401b49f1\"><img decoding=\"async\" width=\"913\" height=\"728\" class=\"gb-image gb-image-401b49f1\" src=\"https:\/\/saltshakerwp.com\/wp-content\/uploads\/2023\/03\/scheduled-changes-salt-keys.png\" alt=\"\" title=\"scheduled-changes-salt-keys\" srcset=\"https:\/\/saltshakerwp.com\/wp-content\/uploads\/2023\/03\/scheduled-changes-salt-keys.png 913w, https:\/\/saltshakerwp.com\/wp-content\/uploads\/2023\/03\/scheduled-changes-salt-keys-300x239.png 300w, https:\/\/saltshakerwp.com\/wp-content\/uploads\/2023\/03\/scheduled-changes-salt-keys-768x612.png 768w\" sizes=\"(max-width: 913px) 100vw, 913px\" \/><\/figure>\n\n<\/div><\/div>\n<\/div>\n<\/div>\n<\/div><div class=\"gb-container gb-container-7e090605\">\n<div class=\"gb-container gb-container-52a318d1\">\n\n<div style=\"height:30px\" aria-hidden=\"true\" class=\"wp-block-spacer\"><\/div>\n\n\n\n<a class=\"gb-button gb-button-5d2f8c15 gb-button-text\" href=\"\/#buy\">PROVALO ORA<\/a>\n\n<\/div>\n<\/div>","protected":false},"excerpt":{"rendered":"<p>Salt Shaker PRO rafforza la sicurezza del tuo WordPress permettendoti di cambiare le chiavi salt manualmente o automaticamente. Ti chiedi se devi davvero cambiarle? Vediamo cosa dicono i pezzi grossi di WordPress: L&#8217;idea di base \u00e8 che cambiando periodicamente le &#8230; <a title=\"Caratteristiche\" class=\"read-more\" href=\"https:\/\/saltshakerwp.com\/it\/caratteristiche\/\" aria-label=\"More on Caratteristiche\">Read more<\/a><\/p>\n","protected":false},"author":1,"featured_media":0,"parent":0,"menu_order":0,"comment_status":"closed","ping_status":"closed","template":"","meta":{"footnotes":""},"class_list":["post-404","page","type-page","status-publish"],"_links":{"self":[{"href":"https:\/\/saltshakerwp.com\/it\/wp-json\/wp\/v2\/pages\/404","targetHints":{"allow":["GET"]}}],"collection":[{"href":"https:\/\/saltshakerwp.com\/it\/wp-json\/wp\/v2\/pages"}],"about":[{"href":"https:\/\/saltshakerwp.com\/it\/wp-json\/wp\/v2\/types\/page"}],"author":[{"embeddable":true,"href":"https:\/\/saltshakerwp.com\/it\/wp-json\/wp\/v2\/users\/1"}],"replies":[{"embeddable":true,"href":"https:\/\/saltshakerwp.com\/it\/wp-json\/wp\/v2\/comments?post=404"}],"version-history":[{"count":1,"href":"https:\/\/saltshakerwp.com\/it\/wp-json\/wp\/v2\/pages\/404\/revisions"}],"predecessor-version":[{"id":406,"href":"https:\/\/saltshakerwp.com\/it\/wp-json\/wp\/v2\/pages\/404\/revisions\/406"}],"wp:attachment":[{"href":"https:\/\/saltshakerwp.com\/it\/wp-json\/wp\/v2\/media?parent=404"}],"curies":[{"name":"wp","href":"https:\/\/api.w.org\/{rel}","templated":true}]}}