{"id":414,"date":"2023-03-19T19:58:00","date_gmt":"2023-03-19T17:58:00","guid":{"rendered":"https:\/\/saltshakerwp.com\/fonctionnalites\/"},"modified":"2025-03-29T22:20:27","modified_gmt":"2025-03-29T20:20:27","slug":"fonctionnalites","status":"publish","type":"page","link":"https:\/\/saltshakerwp.com\/fr\/fonctionnalites\/","title":{"rendered":"Fonctionnalit\u00e9s"},"content":{"rendered":"\n<p>Salt Shaker PRO renforce la s\u00e9curit\u00e9 de votre WordPress en vous permettant de modifier manuellement ou automatiquement les cl\u00e9s de sel WordPress. Vous vous demandez peut-\u00eatre s&rsquo;il est r\u00e9ellement n\u00e9cessaire de changer ces cl\u00e9s. Examinons ce que les acteurs majeurs de WordPress disent \u00e0 ce sujet :  <\/p>\n\n<blockquote class=\"wp-block-quote is-layout-flow wp-block-quote-is-layout-flow\">\n<p>Le concept fondamental est que, en changeant p\u00e9riodiquement vos cl\u00e9s et sels, vous rendez encore plus ardu pour un acteur malveillant d&rsquo;obtenir vos sels.<\/p>\n\n\n\n<p>De plus, modifier vos sels d\u00e9connectera automatiquement tous les utilisateurs connect\u00e9s \u00e0 votre site et les obligera \u00e0 se reconnecter, ce qui constitue un avantage potentiel suppl\u00e9mentaire. Par exemple, si vous vous \u00eates connect\u00e9 par inadvertance sur un ordinateur public et avez oubli\u00e9 de vous d\u00e9connecter, cela vous permettrait de forcer la d\u00e9connexion de ce compte pour vous assurer que personne ne puisse y acc\u00e9der. <\/p>\n<cite><a href=\"https:\/\/kinsta.com\/knowledgebase\/wordpress-salts\/#plugin\" target=\"_blank\" rel=\"noopener\">Kinsta<\/a><\/cite><\/blockquote>\n\n<blockquote class=\"wp-block-quote is-layout-flow wp-block-quote-is-layout-flow\">\n<p>Lorsque les cl\u00e9s de s\u00e9curit\u00e9 et les sels WordPress sont modifi\u00e9s, tous les utilisateurs seront automatiquement d\u00e9connect\u00e9s. Ceci est particuli\u00e8rement utile si vous vous connectez fr\u00e9quemment \u00e0 votre site WordPress sur plusieurs appareils ou navigateurs, car le risque de compromettre vos identifiants de connexion est encore plus \u00e9lev\u00e9. <\/p>\n\n\n\n<p>Modifier r\u00e9guli\u00e8rement vos sels et cl\u00e9s d&rsquo;authentification WordPress est \u00e9galement un moyen efficace d&rsquo;\u00e9liminer l&rsquo;acc\u00e8s des pirates au back-end de votre site. Vous avez la possibilit\u00e9 de les exclure en modifiant les cl\u00e9s de sel et le mot de passe. <\/p>\n<cite><a href=\"https:\/\/www.hostinger.com\/tutorials\/wordpress-salts\" target=\"_blank\" rel=\"noopener\">Hostinger<\/a><\/cite><\/blockquote>\n\n<blockquote class=\"wp-block-quote is-layout-flow wp-block-quote-is-layout-flow\">\n<p>Lorsque vous vous connectez \u00e0 WordPress, vous avez la possibilit\u00e9 de rester connect\u00e9 \u00e0 long terme. Pour ce faire, WordPress stocke vos donn\u00e9es de connexion dans des cookies plut\u00f4t que dans une session PHP. Des individus malveillants peuvent d\u00e9tourner vos cookies par divers moyens, laissant votre site web vuln\u00e9rable.   <\/p>\n\n\n\n<p>Pour rendre plus difficile l&rsquo;utilisation des donn\u00e9es de cookies par les attaquants, vous pouvez tirer parti des cl\u00e9s SALT. Les cl\u00e9s SALT de WordPress cryptent votre mot de passe, le rendant plus difficile \u00e0 deviner. De plus, il est pratiquement impossible pour les pirates de simplement &lsquo;d\u00e9coder&rsquo; le r\u00e9sultat afin d&rsquo;obtenir le mot de passe original.  <\/p>\n<cite><a href=\"https:\/\/wpengine.com\/resources\/generate-wordpress-salt-keys\/#Method_1_Using_a_Plugin\" target=\"_blank\" rel=\"noopener\">WPEngine<\/a><\/cite><\/blockquote>\n\n<p>Salt Shaker PRO facilite grandement le changement de vos cl\u00e9s de sel. Il va au-del\u00e0 pour s&rsquo;assurer que vous ne les oubliez jamais. <\/p>\n<div class=\"gb-container gb-container-42a1924c\">\n<div class=\"gb-container gb-container-600fea21\">\n\n<div class=\"wp-block-columns is-layout-flex wp-container-core-columns-is-layout-9d6595d7 wp-block-columns-is-layout-flex\">\n<div class=\"wp-block-column is-layout-flow wp-block-column-is-layout-flow\">\n<h2 class=\"gb-headline gb-headline-502accae\"><span class=\"gb-icon\"><svg xmlns=\"http:\/\/www.w3.org\/2000\/svg\" viewbox=\"0 0 256 256\" fill=\"#000000\" height=\"32\" width=\"32\"><path d=\"M184,64V192a8,8,0,0,1-16,0V64a8,8,0,0,1,16,0Zm40-8a8,8,0,0,0-8,8V192a8,8,0,0,0,16,0V64A8,8,0,0,0,224,56Zm-80,72a15.76,15.76,0,0,1-7.33,13.34L48.48,197.49A15.91,15.91,0,0,1,24,184.15V71.85A15.91,15.91,0,0,1,48.48,58.51l88.19,56.15A15.76,15.76,0,0,1,144,128Zm-16.18,0L40,72.08V183.93Z\"><\/path><\/svg><\/span><span class=\"gb-headline-text\">G\u00e9n\u00e9ration automatique<\/span><\/h2>\n\n\n\n<p>Les cl\u00e9s de sel WordPress sont-elles manquantes ? Ne vous inqui\u00e9tez pas, car Salt Shaker PRO s&rsquo;en charge. Il assure la pr\u00e9sence des cl\u00e9s et les g\u00e9n\u00e8re m\u00eame pour vous.  <\/p>\n<\/div>\n\n\n\n<div class=\"wp-block-column is-layout-flow wp-block-column-is-layout-flow\">\n<figure class=\"gb-block-image gb-block-image-1611cc46\"><img decoding=\"async\" width=\"1049\" height=\"262\" class=\"gb-image gb-image-1611cc46\" src=\"https:\/\/saltshakerwp.com\/wp-content\/uploads\/2023\/03\/salt-keys-not-found-notice.png\" alt=\"\" title=\"salt-keys-not-found-notice\" srcset=\"https:\/\/saltshakerwp.com\/wp-content\/uploads\/2023\/03\/salt-keys-not-found-notice.png 1049w, https:\/\/saltshakerwp.com\/wp-content\/uploads\/2023\/03\/salt-keys-not-found-notice-300x75.png 300w, https:\/\/saltshakerwp.com\/wp-content\/uploads\/2023\/03\/salt-keys-not-found-notice-1024x256.png 1024w, https:\/\/saltshakerwp.com\/wp-content\/uploads\/2023\/03\/salt-keys-not-found-notice-768x192.png 768w\" sizes=\"(max-width: 1049px) 100vw, 1049px\" \/><\/figure>\n<\/div>\n<\/div>\n\n<\/div>\n<\/div><div class=\"gb-container gb-container-ba2236bc\">\n<div class=\"gb-container gb-container-24f96d2e\">\n\n<div class=\"wp-block-columns is-layout-flex wp-container-core-columns-is-layout-9d6595d7 wp-block-columns-is-layout-flex\">\n<div class=\"wp-block-column is-layout-flow wp-block-column-is-layout-flow\">\n<h2 class=\"gb-headline gb-headline-dc8f873a\"><span class=\"gb-icon\"><svg xmlns=\"http:\/\/www.w3.org\/2000\/svg\" viewbox=\"0 0 256 256\" fill=\"#000000\" height=\"32\" width=\"32\"><path d=\"M184,64V192a8,8,0,0,1-16,0V64a8,8,0,0,1,16,0Zm40-8a8,8,0,0,0-8,8V192a8,8,0,0,0,16,0V64A8,8,0,0,0,224,56Zm-80,72a15.76,15.76,0,0,1-7.33,13.34L48.48,197.49A15.91,15.91,0,0,1,24,184.15V71.85A15.91,15.91,0,0,1,48.48,58.51l88.19,56.15A15.76,15.76,0,0,1,144,128Zm-16.18,0L40,72.08V183.93Z\"><\/path><\/svg><\/span><span class=\"gb-headline-text\">Mises \u00e0 jour manuelles<\/span><\/h2>\n\n\n\n<p>Salt Shaker PRO vous offre la possibilit\u00e9 de mettre \u00e0 jour manuellement vos cl\u00e9s de sel WordPress et vous propose \u00e9galement l&rsquo;option de recevoir des rappels opportuns au cas o\u00f9 vous omettriez de mettre \u00e0 jour les cl\u00e9s de sel pendant une p\u00e9riode prolong\u00e9e.<\/p>\n<\/div>\n\n\n\n<div class=\"wp-block-column is-layout-flow wp-block-column-is-layout-flow\">\n<figure class=\"gb-block-image gb-block-image-59639584\"><img decoding=\"async\" width=\"1117\" height=\"607\" class=\"gb-image gb-image-59639584\" src=\"https:\/\/saltshakerwp.com\/wp-content\/uploads\/2023\/03\/salt-keys-manual-change.png\" alt=\"\" title=\"salt-keys-manual-change\" srcset=\"https:\/\/saltshakerwp.com\/wp-content\/uploads\/2023\/03\/salt-keys-manual-change.png 1117w, https:\/\/saltshakerwp.com\/wp-content\/uploads\/2023\/03\/salt-keys-manual-change-300x163.png 300w, https:\/\/saltshakerwp.com\/wp-content\/uploads\/2023\/03\/salt-keys-manual-change-1024x556.png 1024w, https:\/\/saltshakerwp.com\/wp-content\/uploads\/2023\/03\/salt-keys-manual-change-768x417.png 768w\" sizes=\"(max-width: 1117px) 100vw, 1117px\" \/><\/figure>\n<\/div>\n<\/div>\n\n<\/div>\n<\/div><div class=\"gb-container gb-container-acf1b355\">\n<div class=\"gb-container gb-container-3263ae20\">\n<div class=\"gb-grid-wrapper gb-grid-wrapper-22b7d705\">\n<div class=\"gb-grid-column gb-grid-column-5bc62504\"><div class=\"gb-container gb-container-5bc62504\">\n\n<h2 class=\"gb-headline gb-headline-61abde67\"><span class=\"gb-icon\"><svg xmlns=\"http:\/\/www.w3.org\/2000\/svg\" viewbox=\"0 0 256 256\" fill=\"#000000\" height=\"32\" width=\"32\"><path d=\"M128,40a96,96,0,1,0,96,96A96.11,96.11,0,0,0,128,40Zm0,176a80,80,0,1,1,80-80A80.09,80.09,0,0,1,128,216ZM173.66,90.34a8,8,0,0,1,0,11.32l-40,40a8,8,0,0,1-11.32-11.32l40-40A8,8,0,0,1,173.66,90.34ZM96,16a8,8,0,0,1,8-8h48a8,8,0,0,1,0,16H104A8,8,0,0,1,96,16Z\"><\/path><\/svg><\/span><span class=\"gb-headline-text\">Mises \u00e0 jour programm\u00e9es<\/span><\/h2>\n\n\n\n<p>Salt Shaker PRO vous offre plus que la simple capacit\u00e9 de programmer des mises \u00e0 jour r\u00e9guli\u00e8res pour vos cl\u00e9s de sel WordPress. Vous avez \u00e9galement la libert\u00e9 de choisir l&rsquo;heure exacte de la journ\u00e9e, le jour de la semaine et le jour du mois o\u00f9 les cl\u00e9s doivent \u00eatre mises \u00e0 jour. De plus, vous pouvez opter pour recevoir des notifications par courriel une fois la mise \u00e0 jour effectu\u00e9e.  <\/p>\n\n<\/div><\/div>\n\n<div class=\"gb-grid-column gb-grid-column-4ac87ece\"><div class=\"gb-container gb-container-4ac87ece\">\n\n<figure class=\"gb-block-image gb-block-image-401b49f1\"><img decoding=\"async\" width=\"913\" height=\"728\" class=\"gb-image gb-image-401b49f1\" src=\"https:\/\/saltshakerwp.com\/wp-content\/uploads\/2023\/03\/scheduled-changes-salt-keys.png\" alt=\"\" title=\"scheduled-changes-salt-keys\" srcset=\"https:\/\/saltshakerwp.com\/wp-content\/uploads\/2023\/03\/scheduled-changes-salt-keys.png 913w, https:\/\/saltshakerwp.com\/wp-content\/uploads\/2023\/03\/scheduled-changes-salt-keys-300x239.png 300w, https:\/\/saltshakerwp.com\/wp-content\/uploads\/2023\/03\/scheduled-changes-salt-keys-768x612.png 768w\" sizes=\"(max-width: 913px) 100vw, 913px\" \/><\/figure>\n\n<\/div><\/div>\n<\/div>\n<\/div>\n<\/div><div class=\"gb-container gb-container-7e090605\">\n<div class=\"gb-container gb-container-52a318d1\">\n\n<div style=\"height:30px\" aria-hidden=\"true\" class=\"wp-block-spacer\"><\/div>\n\n\n\n<a class=\"gb-button gb-button-5d2f8c15 gb-button-text\" href=\"\/#buy\">ESSAYEZ-LE MAINTENANT<\/a>\n\n<\/div>\n<\/div>","protected":false},"excerpt":{"rendered":"<p>Salt Shaker PRO renforce la s\u00e9curit\u00e9 de votre WordPress en vous permettant de modifier manuellement ou automatiquement les cl\u00e9s de sel WordPress. Vous vous demandez peut-\u00eatre s&rsquo;il est r\u00e9ellement n\u00e9cessaire de changer ces cl\u00e9s. Examinons ce que les acteurs majeurs &#8230; <a title=\"Fonctionnalit\u00e9s\" class=\"read-more\" href=\"https:\/\/saltshakerwp.com\/fr\/fonctionnalites\/\" aria-label=\"Plus sur Fonctionnalit\u00e9s\">Read more<\/a><\/p>\n","protected":false},"author":1,"featured_media":0,"parent":0,"menu_order":0,"comment_status":"closed","ping_status":"closed","template":"","meta":{"footnotes":""},"class_list":["post-414","page","type-page","status-publish"],"_links":{"self":[{"href":"https:\/\/saltshakerwp.com\/fr\/wp-json\/wp\/v2\/pages\/414","targetHints":{"allow":["GET"]}}],"collection":[{"href":"https:\/\/saltshakerwp.com\/fr\/wp-json\/wp\/v2\/pages"}],"about":[{"href":"https:\/\/saltshakerwp.com\/fr\/wp-json\/wp\/v2\/types\/page"}],"author":[{"embeddable":true,"href":"https:\/\/saltshakerwp.com\/fr\/wp-json\/wp\/v2\/users\/1"}],"replies":[{"embeddable":true,"href":"https:\/\/saltshakerwp.com\/fr\/wp-json\/wp\/v2\/comments?post=414"}],"version-history":[{"count":1,"href":"https:\/\/saltshakerwp.com\/fr\/wp-json\/wp\/v2\/pages\/414\/revisions"}],"predecessor-version":[{"id":415,"href":"https:\/\/saltshakerwp.com\/fr\/wp-json\/wp\/v2\/pages\/414\/revisions\/415"}],"wp:attachment":[{"href":"https:\/\/saltshakerwp.com\/fr\/wp-json\/wp\/v2\/media?parent=414"}],"curies":[{"name":"wp","href":"https:\/\/api.w.org\/{rel}","templated":true}]}}