{"id":388,"date":"2025-03-09T21:40:15","date_gmt":"2025-03-09T19:40:15","guid":{"rendered":"https:\/\/saltshakerwp.com\/journal-des-modifications-de-salt-shaker-gratuit-et-pro\/"},"modified":"2025-05-04T14:52:25","modified_gmt":"2025-05-04T12:52:25","slug":"journal-des-modifications-de-salt-shaker-gratuit-et-pro","status":"publish","type":"page","link":"https:\/\/saltshakerwp.com\/fr\/journal-des-modifications-de-salt-shaker-gratuit-et-pro\/","title":{"rendered":"Journal des modifications de Salt Shaker gratuit et PRO"},"content":{"rendered":"\n<h2 class=\"wp-block-heading\">Journal des modifications de Salt Shaker PRO<\/h2>\n\n<p>Voici les nouveaut\u00e9s de Salt Shaker PRO : des performances am\u00e9lior\u00e9es et des fonctionnalit\u00e9s exclusives pour les utilisateurs premium.<\/p>\n\n<h3 class=\"gb-headline gb-headline-cbb5c6c7 gb-headline-text\">Version 2.0.1 &#8211; 4 mai 2025<\/h3>\n\n<ul class=\"wp-block-list\">\n<li>Am\u00e9lioration de la g\u00e9n\u00e9ration et du remplacement du sel<\/li>\n\n\n\n<li>Compatibilit\u00e9 avec WordPress 6.8<\/li>\n<\/ul>\n\n<h3 class=\"wp-block-heading\">Version 2.0 &#8211; 9 mars 2025<\/h3>\n\n<ul class=\"wp-block-list\">\n<li>R\u00e9\u00e9criture compl\u00e8te de l&rsquo;architecture du plugin \u2014 m\u00eames fonctionnalit\u00e9s exceptionnelles, performances am\u00e9lior\u00e9es.<\/li>\n\n\n\n<li>Toute nouvelle interface d&rsquo;administration bas\u00e9e sur React avec une exp\u00e9rience utilisateur plus fluide et intuitive.<\/li>\n<\/ul>\n\n<h3 class=\"wp-block-heading\">Version 1.0<\/h3>\n\n<ul class=\"wp-block-list\">\n<li>Premi\u00e8re version \ud83c\udf89<\/li>\n<\/ul>\n\n<hr class=\"wp-block-separator has-alpha-channel-opacity\"\/>\n\n<h2 class=\"wp-block-heading\">Journal des modifications de Salt Shaker<\/h2>\n\n<h3 class=\"gb-headline gb-headline-6d0eb75a gb-headline-text\">Version 2.0.1 &#8211; 4 mai 2025<\/h3>\n\n<ul class=\"wp-block-list\">\n<li>Am\u00e9lioration de la g\u00e9n\u00e9ration et du remplacement du sel<\/li>\n\n\n\n<li>Compatibilit\u00e9 avec WordPress 6.8<\/li>\n<\/ul>\n\n<h3 class=\"wp-block-heading\">Version 2.0 &#8211; 9 mars 2025<\/h3>\n\n<ul class=\"wp-block-list\">\n<li>R\u00e9\u00e9criture compl\u00e8te de l&rsquo;architecture du plugin \u2014 m\u00eames fonctionnalit\u00e9s exceptionnelles, performances am\u00e9lior\u00e9es.<\/li>\n\n\n\n<li>Toute nouvelle interface d&rsquo;administration bas\u00e9e sur React avec une exp\u00e9rience utilisateur plus fluide et intuitive.<\/li>\n<\/ul>\n\n<h3 class=\"wp-block-heading\">Version 1.4.8<\/h3>\n\n<ul class=\"wp-block-list\">\n<li>Mise \u00e0 jour : SDK Freemius.<\/li>\n<\/ul>\n\n<h3 class=\"wp-block-heading\">Version 1.4.7<\/h3>\n\n<ul class=\"wp-block-list\">\n<li>Corrig\u00e9 : Erreur fatale lorsqu&rsquo;une barre oblique inverse appara\u00eet \u00e0 la fin des cl\u00e9s g\u00e9n\u00e9r\u00e9es.<\/li>\n<\/ul>\n\n<h3 class=\"wp-block-heading\">Version 1.4.6<\/h3>\n\n<ul class=\"wp-block-list\">\n<li>Compatibilit\u00e9 avec WordPress 6.7.<\/li>\n\n\n\n<li>G\u00e9n\u00e9ration locale des sels si l&rsquo;appel \u00e0 l&rsquo;API \u00e9choue.<\/li>\n\n\n\n<li>Mise \u00e0 jour : SDK Freemius.<\/li>\n<\/ul>\n\n<h3 class=\"wp-block-heading\">Version 1.4.5<\/h3>\n\n<ul class=\"wp-block-list\">\n<li>Compatibilit\u00e9 avec WordPress 6.6.<\/li>\n\n\n\n<li>Affichage des notifications administratives uniquement sur la page du plugin.<\/li>\n<\/ul>\n\n<h3 class=\"wp-block-heading\">Version 1.4.4<\/h3>\n\n<ul class=\"wp-block-list\">\n<li>Compatibilit\u00e9 avec WordPress 6.5.<\/li>\n<\/ul>\n\n<h3 class=\"wp-block-heading\">Version 1.4.3<\/h3>\n\n<ul class=\"wp-block-list\">\n<li>Compatibilit\u00e9 avec WordPress 6.4.<\/li>\n<\/ul>\n\n<h3 class=\"wp-block-heading\">Version 1.4.2<\/h3>\n\n<ul class=\"wp-block-list\">\n<li>Corrections mineures de bogues.<\/li>\n\n\n\n<li>Mise \u00e0 jour : SDK Freemius.<\/li>\n<\/ul>\n\n<h3 class=\"wp-block-heading\">Version 1.4.1<\/h3>\n\n<ul class=\"wp-block-list\">\n<li>Correction rapide pour le chemin du fichier wp-salt.<\/li>\n<\/ul>\n\n<h3 class=\"wp-block-heading\">Version 1.4.0<\/h3>\n\n<ul class=\"wp-block-list\">\n<li>Compatibilit\u00e9 avec WordPress 6.2.<\/li>\n\n\n\n<li>Prise en charge des fichiers wp-salt.<\/li>\n\n\n\n<li>Introduction de Salt Shaker PRO.<\/li>\n<\/ul>\n\n<h3 class=\"wp-block-heading\">Version 1.3.2<\/h3>\n\n<ul class=\"wp-block-list\">\n<li>Compatibilit\u00e9 avec WordPress 6.1.<\/li>\n<\/ul>\n\n<h3 class=\"wp-block-heading\">Version 1.3.1<\/h3>\n\n<ul class=\"wp-block-list\">\n<li>Compatibilit\u00e9 avec WordPress 6.0.<\/li>\n\n\n\n<li>Corrig\u00e9 : Probl\u00e8me o\u00f9 les cl\u00e9s AUTH_KEY et AUTH_SALT n&rsquo;\u00e9taient pas modifi\u00e9es.<\/li>\n<\/ul>\n\n<h3 class=\"wp-block-heading\">Version 1.3.0<\/h3>\n\n<ul class=\"wp-block-list\">\n<li>Test\u00e9 avec WordPress 5.9.<\/li>\n<\/ul>\n\n<h3 class=\"wp-block-heading\">Version 1.2.9<\/h3>\n\n<ul class=\"wp-block-list\">\n<li>Compatibilit\u00e9 avec WordPress 5.8.<\/li>\n<\/ul>\n\n<h3 class=\"wp-block-heading\">Version 1.2.8<\/h3>\n\n<ul class=\"wp-block-list\">\n<li>Compatibilit\u00e9 avec WordPress 5.7.<\/li>\n<\/ul>\n\n<h3 class=\"wp-block-heading\">Version 1.2.7<\/h3>\n\n<ul class=\"wp-block-list\">\n<li>Compatibilit\u00e9 avec WordPress 5.5.<\/li>\n<\/ul>\n\n<h3 class=\"wp-block-heading\">Version 1.2.6<\/h3>\n\n<ul class=\"wp-block-list\">\n<li>Compatibilit\u00e9 avec WordPress 5.4.<\/li>\n\n\n\n<li>Remplacement des fonctions personnalis\u00e9es par des fonctions WordPress standard.<\/li>\n<\/ul>\n\n<h3 class=\"wp-block-heading\">Version 1.2.5<\/h3>\n\n<ul class=\"wp-block-list\">\n<li>Am\u00e9lioration de l&rsquo;internationalisation.<\/li>\n\n\n\n<li>Compatibilit\u00e9 avec WordPress 5.3.<\/li>\n<\/ul>\n\n<h3 class=\"wp-block-heading\">Version 1.2.4<\/h3>\n\n<ul class=\"wp-block-list\">\n<li>Pr\u00e9servation des permissions originales du fichier de configuration.<\/li>\n\n\n\n<li>Am\u00e9liorations des performances.<\/li>\n<\/ul>\n\n<h3 class=\"wp-block-heading\">Version 1.4.1<\/h3>\n\n<ul class=\"wp-block-list\">\n<li>Correction rapide pour le chemin du fichier wp-salt.<\/li>\n<\/ul>\n\n<h3 class=\"wp-block-heading\">Version 1.4.0<\/h3>\n\n<ul class=\"wp-block-list\">\n<li>Compatibilit\u00e9 avec WordPress 6.2.<\/li>\n\n\n\n<li>Prise en charge des fichiers wp-salt.<\/li>\n\n\n\n<li>Introduction de Salt Shaker PRO.<\/li>\n<\/ul>\n\n<h3 class=\"wp-block-heading\">Version 1.3.2<\/h3>\n\n<ul class=\"wp-block-list\">\n<li>Compatibilit\u00e9 avec WordPress 6.1.<\/li>\n<\/ul>\n\n<h3 class=\"wp-block-heading\">Version 1.3.1<\/h3>\n\n<ul class=\"wp-block-list\">\n<li>Compatibilit\u00e9 avec WordPress 6.0.<\/li>\n\n\n\n<li>Corrig\u00e9 : Les cl\u00e9s AUTH_KEY et AUTH_SALT ne changeaient pas correctement.<\/li>\n<\/ul>\n\n<h3 class=\"wp-block-heading\">Version 1.3.0<\/h3>\n\n<ul class=\"wp-block-list\">\n<li>Test\u00e9 avec WordPress 5.9.<\/li>\n<\/ul>\n\n<h3 class=\"wp-block-heading\">Version 1.2.9<\/h3>\n\n<ul class=\"wp-block-list\">\n<li>Compatibilit\u00e9 avec WordPress 5.8.<\/li>\n<\/ul>\n\n<h3 class=\"wp-block-heading\">Version 1.2.8<\/h3>\n\n<ul class=\"wp-block-list\">\n<li>Compatibilit\u00e9 avec WordPress 5.7.<\/li>\n<\/ul>\n\n<h3 class=\"wp-block-heading\">Version 1.2.7<\/h3>\n\n<ul class=\"wp-block-list\">\n<li>Compatibilit\u00e9 avec WordPress 5.5.<\/li>\n<\/ul>\n\n<h3 class=\"wp-block-heading\">Version 1.2.6<\/h3>\n\n<ul class=\"wp-block-list\">\n<li>Compatibilit\u00e9 avec WordPress 5.4.<\/li>\n\n\n\n<li>Remplacement de certaines fonctions personnalis\u00e9es par des fonctions WordPress standard.<\/li>\n<\/ul>\n\n<h3 class=\"wp-block-heading\">Version 1.2.5<\/h3>\n\n<ul class=\"wp-block-list\">\n<li>Am\u00e9lioration de l&rsquo;internationalisation.<\/li>\n\n\n\n<li>Compatibilit\u00e9 avec WordPress 5.3.<\/li>\n<\/ul>\n\n<h3 class=\"wp-block-heading\">Version 1.2.4<\/h3>\n\n<ul class=\"wp-block-list\">\n<li>Conservation des permissions originales du fichier de configuration.<\/li>\n\n\n\n<li>Am\u00e9liorations des performances.<\/li>\n<\/ul>\n\n<h3 class=\"wp-block-heading\">Version 1.2.3<\/h3>\n\n<ul class=\"wp-block-list\">\n<li>Modification des permissions de configuration \u00e0 0640.<\/li>\n\n\n\n<li>Ajout de filtres pour des sels suppl\u00e9mentaires.<\/li>\n<\/ul>\n\n<h3 class=\"wp-block-heading\">Version 1.2.2<\/h3>\n\n<ul class=\"wp-block-list\">\n<li>Test\u00e9 avec WordPress 5.1.<\/li>\n\n\n\n<li>Ajout d&rsquo;un lien vers la page des param\u00e8tres depuis la page des plugins.<\/li>\n\n\n\n<li>Redirection vers la connexion apr\u00e8s un changement imm\u00e9diat de sel.<\/li>\n\n\n\n<li>V\u00e9rification si wp-config.php est inscriptible.<\/li>\n\n\n\n<li>Filtre pour d\u00e9finir un fichier de sels personnalis\u00e9 : <code>salt_shaker_salts_file<\/code>.<\/li>\n<\/ul>\n\n<h3 class=\"wp-block-heading\">Version 1.2.1<\/h3>\n\n<ul class=\"wp-block-list\">\n<li>Test\u00e9 avec WordPress 5.0.<\/li>\n\n\n\n<li>#11 : Ajout d&rsquo;intervalles trimestriels et semestriels.<\/li>\n\n\n\n<li>Correction du probl\u00e8me lorsque wp-config est en dehors de la racine.<\/li>\n\n\n\n<li>Correction du bogue de mise \u00e0 jour du cron \u2014 l&rsquo;ancien cron est maintenant correctement supprim\u00e9.<\/li>\n<\/ul>\n\n<h3 class=\"wp-block-heading\">Version 1.2.0<\/h3>\n\n<ul class=\"wp-block-list\">\n<li>Test\u00e9 avec WordPress 4.9.<\/li>\n\n\n\n<li>#9 : Modification des sels lorsque wp-config.php est un niveau au-dessus de la racine du document.<\/li>\n\n\n\n<li>D\u00e9finition des permissions correctes sur wp-config.php selon le Codex.<\/li>\n<\/ul>\n\n<h3 class=\"wp-block-heading\">Version 1.1.6<\/h3>\n\n<ul class=\"wp-block-list\">\n<li>#8 : Modification des fins de ligne en LF.<\/li>\n<\/ul>\n\n<h3 class=\"wp-block-heading\">Version 1.1.5<\/h3>\n\n<ul class=\"wp-block-list\">\n<li>Am\u00e9liorations de s\u00e9curit\u00e9.<\/li>\n<\/ul>\n\n<h3 class=\"wp-block-heading\">Version 1.1.4<\/h3>\n\n<ul class=\"wp-block-list\">\n<li>S&rsquo;assurer des privil\u00e8ges d&rsquo;administrateur avant les requ\u00eates AJAX.<\/li>\n\n\n\n<li>\u00c9chappement des attributs en utilisant <code>esc_attr_e<\/code>.<\/li>\n<\/ul>\n\n<h3 class=\"wp-block-heading\">Version 1.1.3<\/h3>\n\n<ul class=\"wp-block-list\">\n<li>Compatibilit\u00e9 avec WordPress 4.8.<\/li>\n<\/ul>\n\n<h3 class=\"wp-block-heading\">Version 1.1.2<\/h3>\n\n<ul class=\"wp-block-list\">\n<li>Compatibilit\u00e9 avec WordPress 4.7.<\/li>\n<\/ul>\n\n<h3 class=\"wp-block-heading\">Version 1.1.1<\/h3>\n\n<ul class=\"wp-block-list\">\n<li>\u00c9dition du fichier de traduction arabe.<\/li>\n<\/ul>\n\n<h3 class=\"wp-block-heading\">Version 1.1.0<\/h3>\n\n<ul class=\"wp-block-list\">\n<li>Quelques am\u00e9liorations.<\/li>\n\n\n\n<li>Pr\u00eat pour le multilinguisme.<\/li>\n<\/ul>\n\n<h3 class=\"wp-block-heading\">Version 1.0.0<\/h3>\n\n<ul class=\"wp-block-list\">\n<li>Premi\u00e8re version \ud83c\udf89<\/li>\n<\/ul>\n","protected":false},"excerpt":{"rendered":"<p>Journal des modifications de Salt Shaker PRO Voici les nouveaut\u00e9s de Salt Shaker PRO : des performances am\u00e9lior\u00e9es et des fonctionnalit\u00e9s exclusives pour les utilisateurs premium. Version 2.0.1 &#8211; 4 mai 2025 Version 2.0 &#8211; 9 mars 2025 Version 1.0 &#8230; <a title=\"Journal des modifications de Salt Shaker gratuit et PRO\" class=\"read-more\" href=\"https:\/\/saltshakerwp.com\/fr\/journal-des-modifications-de-salt-shaker-gratuit-et-pro\/\" aria-label=\"Plus sur Journal des modifications de Salt Shaker gratuit et PRO\">Read more<\/a><\/p>\n","protected":false},"author":1,"featured_media":0,"parent":0,"menu_order":0,"comment_status":"closed","ping_status":"closed","template":"","meta":{"footnotes":""},"class_list":["post-388","page","type-page","status-publish"],"_links":{"self":[{"href":"https:\/\/saltshakerwp.com\/fr\/wp-json\/wp\/v2\/pages\/388","targetHints":{"allow":["GET"]}}],"collection":[{"href":"https:\/\/saltshakerwp.com\/fr\/wp-json\/wp\/v2\/pages"}],"about":[{"href":"https:\/\/saltshakerwp.com\/fr\/wp-json\/wp\/v2\/types\/page"}],"author":[{"embeddable":true,"href":"https:\/\/saltshakerwp.com\/fr\/wp-json\/wp\/v2\/users\/1"}],"replies":[{"embeddable":true,"href":"https:\/\/saltshakerwp.com\/fr\/wp-json\/wp\/v2\/comments?post=388"}],"version-history":[{"count":2,"href":"https:\/\/saltshakerwp.com\/fr\/wp-json\/wp\/v2\/pages\/388\/revisions"}],"predecessor-version":[{"id":465,"href":"https:\/\/saltshakerwp.com\/fr\/wp-json\/wp\/v2\/pages\/388\/revisions\/465"}],"wp:attachment":[{"href":"https:\/\/saltshakerwp.com\/fr\/wp-json\/wp\/v2\/media?parent=388"}],"curies":[{"name":"wp","href":"https:\/\/api.w.org\/{rel}","templated":true}]}}