{"id":364,"date":"2023-03-19T11:50:12","date_gmt":"2023-03-19T09:50:12","guid":{"rendered":"https:\/\/saltshakerwp.com\/accueil\/"},"modified":"2025-03-29T22:15:37","modified_gmt":"2025-03-29T20:15:37","slug":"accueil","status":"publish","type":"page","link":"https:\/\/saltshakerwp.com\/fr\/","title":{"rendered":"ACCUEIL"},"content":{"rendered":"<div class=\"gb-container gb-container-d561e474\">\n\n<div style=\"height:100px\" aria-hidden=\"true\" class=\"wp-block-spacer\"><\/div>\n\n\n\n<h1 class=\"gb-headline gb-headline-e6ca1be0 gb-headline-text\">Renforcez la s\u00e9curit\u00e9 de votre WordPress<\/h1>\n\n\n\n<p class=\"has-text-align-center has-medium-font-size\">Prot\u00e9gez votre site WordPress comme un professionnel avec l&rsquo;extension Salt Shaker PRO !<\/p>\n\n\n\n<p class=\"has-text-align-center has-medium-font-size\">Mettez \u00e0 jour vos cl\u00e9s de salage en toute simplicit\u00e9, de mani\u00e8re automatique ou manuelle, afin de maintenir la s\u00e9curit\u00e9 et l&rsquo;int\u00e9grit\u00e9 de votre site.<\/p>\n\n\n<div class=\"gb-container gb-container-03990251\">\n\n<a class=\"gb-button gb-button-8c32c4bd gb-button-text\" href=\"#features\">VOIR LES FONCTIONNALIT\u00c9S<\/a>\n\n\n\n<a class=\"gb-button gb-button-8352f217 gb-button-text\" href=\"#buy\">ACHETER MAINTENANT<\/a>\n\n<\/div>\n\n\n<figure class=\"gb-block-image gb-block-image-8588b5e1\"><img decoding=\"async\" width=\"983\" height=\"748\" class=\"gb-image gb-image-8588b5e1\" src=\"https:\/\/saltshakerwp.com\/wp-content\/uploads\/2023\/03\/salt-shaker-pro.png\" alt=\"\" srcset=\"https:\/\/saltshakerwp.com\/wp-content\/uploads\/2023\/03\/salt-shaker-pro.png 983w, https:\/\/saltshakerwp.com\/wp-content\/uploads\/2023\/03\/salt-shaker-pro-300x228.png 300w, https:\/\/saltshakerwp.com\/wp-content\/uploads\/2023\/03\/salt-shaker-pro-768x584.png 768w\" sizes=\"(max-width: 983px) 100vw, 983px\" \/><\/figure>\n\n<\/div><div class=\"gb-container gb-container-055ab3ef\" id=\"features\">\n<div class=\"gb-container gb-container-2cb15d93\">\n\n<div class=\"wp-block-columns is-layout-flex wp-container-core-columns-is-layout-9d6595d7 wp-block-columns-is-layout-flex\">\n<div class=\"wp-block-column is-layout-flow wp-block-column-is-layout-flow\">\n<h2 class=\"gb-headline gb-headline-d96f76ed\"><span class=\"gb-icon\"><svg xmlns=\"http:\/\/www.w3.org\/2000\/svg\" viewbox=\"0 0 256 256\" fill=\"#000000\" height=\"32\" width=\"32\"><path d=\"M136,120v96a8,8,0,0,1-16,0V120a8,8,0,0,1,16,0Zm64,72a8,8,0,0,0-8,8v16a8,8,0,0,0,16,0V200A8,8,0,0,0,200,192Zm24-32H208V40a8,8,0,0,0-16,0V160H176a8,8,0,0,0,0,16h48a8,8,0,0,0,0-16ZM56,160a8,8,0,0,0-8,8v48a8,8,0,0,0,16,0V168A8,8,0,0,0,56,160Zm24-32H64V40a8,8,0,0,0-16,0v88H32a8,8,0,0,0,0,16H80a8,8,0,0,0,0-16Zm72-48H136V40a8,8,0,0,0-16,0V80H104a8,8,0,0,0,0,16h48a8,8,0,0,0,0-16Z\"><\/path><\/svg><\/span><span class=\"gb-headline-text\">Tableau de bord intuitif<\/span><\/h2>\n\n\n\n<p>Salt Shaker PRO dispose d&rsquo;un tableau de bord convivial qui \u00e9vite l&rsquo;encombrement du menu d&rsquo;administration.<\/p>\n<\/div>\n\n\n\n<div class=\"wp-block-column is-layout-flow wp-block-column-is-layout-flow\">\n<h2 class=\"gb-headline gb-headline-1b036730\"><span class=\"gb-icon\"><svg xmlns=\"http:\/\/www.w3.org\/2000\/svg\" viewbox=\"0 0 256 256\" fill=\"#000000\" height=\"32\" width=\"32\"><path d=\"M221.28,34.75a64,64,0,0,0-90.49,0L60.69,104A15.9,15.9,0,0,0,56,115.31v73.38L26.34,218.34a8,8,0,0,0,11.32,11.32L67.32,200H140.7A15.92,15.92,0,0,0,152,195.32l0,0,69.23-70A64,64,0,0,0,221.28,34.75ZM142.07,46.06A48,48,0,0,1,211.79,112H155.33l34.35-34.34a8,8,0,0,0-11.32-11.32L120,124.69V67.87ZM72,115.35l32-31.67v57l-32,32ZM140.7,184H83.32l56-56h56.74Z\"><\/path><\/svg><\/span><span class=\"gb-headline-text\">L\u00e9g\u00e8ret\u00e9<\/span><\/h2>\n\n\n\n<p>Nous nous effor\u00e7ons de maintenir une simplicit\u00e9 et une efficacit\u00e9 optimales en utilisant un code propre, valide et l\u00e9ger.<\/p>\n<\/div>\n\n\n\n<div class=\"wp-block-column is-layout-flow wp-block-column-is-layout-flow\">\n<h2 class=\"gb-headline gb-headline-cf5441a8\"><span class=\"gb-icon\"><svg xmlns=\"http:\/\/www.w3.org\/2000\/svg\" viewbox=\"0 0 256 256\" fill=\"#000000\" height=\"32\" width=\"32\"><path d=\"M128,32a96,96,0,1,0,96,96A96.11,96.11,0,0,0,128,32Zm0,176a80,80,0,1,1,80-80A80.09,80.09,0,0,1,128,208ZM61.66,29.66l-32,32A8,8,0,0,1,18.34,50.34l32-32A8,8,0,1,1,61.66,29.66Zm176,32a8,8,0,0,1-11.32,0l-32-32a8,8,0,0,1,11.32-11.32l32,32A8,8,0,0,1,237.66,61.66ZM184,120a8,8,0,0,1,0,16H128a8,8,0,0,1-8-8V72a8,8,0,0,1,16,0v48Z\"><\/path><\/svg><\/span><span class=\"gb-headline-text\">Rappels<\/span><\/h2>\n\n\n\n<p>Vous pouvez demander \u00e0 Salt Shaker PRO de vous rappeler de mettre \u00e0 jour manuellement les cl\u00e9s de salage WordPress.<\/p>\n<\/div>\n<\/div>\n\n\n\n<div class=\"wp-block-columns is-layout-flex wp-container-core-columns-is-layout-9d6595d7 wp-block-columns-is-layout-flex\">\n<div class=\"wp-block-column is-layout-flow wp-block-column-is-layout-flow\">\n<h2 class=\"gb-headline gb-headline-16b039a4\"><span class=\"gb-icon\"><svg xmlns=\"http:\/\/www.w3.org\/2000\/svg\" viewbox=\"0 0 256 256\" fill=\"#000000\" height=\"32\" width=\"32\"><path d=\"M140,180a12,12,0,1,1-12-12A12,12,0,0,1,140,180ZM128,72c-22.06,0-40,16.15-40,36v4a8,8,0,0,0,16,0v-4c0-11,10.77-20,24-20s24,9,24,20-10.77,20-24,20a8,8,0,0,0-8,8v8a8,8,0,0,0,16,0v-.72c18.24-3.35,32-17.9,32-35.28C168,88.15,150.06,72,128,72Zm104,56A104,104,0,1,1,128,24,104.11,104.11,0,0,1,232,128Zm-16,0a88,88,0,1,0-88,88A88.1,88.1,0,0,0,216,128Z\"><\/path><\/svg><\/span><span class=\"gb-headline-text\">Assistance<\/span><\/h2>\n\n\n\n<p>B\u00e9n\u00e9ficiez d&rsquo;une assistance directe de la part des d\u00e9veloppeurs de l&rsquo;extension. Nous sommes une petite \u00e9quipe d\u00e9vou\u00e9e \u00e0 vous aider. <\/p>\n<\/div>\n\n\n\n<div class=\"wp-block-column is-layout-flow wp-block-column-is-layout-flow\">\n<h2 class=\"gb-headline gb-headline-8c03f3d5\"><span class=\"gb-icon\"><svg xmlns=\"http:\/\/www.w3.org\/2000\/svg\" viewbox=\"0 0 256 256\" fill=\"#000000\" height=\"32\" width=\"32\"><path d=\"M228.44,89.34l-96-64a8,8,0,0,0-8.88,0l-96,64A8,8,0,0,0,24,96V200a16,16,0,0,0,16,16H216a16,16,0,0,0,16-16V96A8,8,0,0,0,228.44,89.34ZM96.72,152,40,192V111.53Zm16.37,8h29.82l56.63,40H56.46Zm46.19-8L216,111.53V192ZM128,41.61l81.91,54.61-67,47.78H113.11l-67-47.78Z\"><\/path><\/svg><\/span><span class=\"gb-headline-text\">Notifications<\/span><\/h2>\n\n\n\n<p>Si vous le souhaitez, Salt Shaker PRO peut vous envoyer des courriels lorsque les cl\u00e9s de salage sont modifi\u00e9es automatiquement.<\/p>\n<\/div>\n\n\n\n<div class=\"wp-block-column is-layout-flow wp-block-column-is-layout-flow\">\n<h2 class=\"gb-headline gb-headline-74687252\"><span class=\"gb-icon\"><svg xmlns=\"http:\/\/www.w3.org\/2000\/svg\" viewbox=\"0 0 256 256\" fill=\"#000000\" height=\"32\" width=\"32\"><path d=\"M149.61,85.71l-89.6,88a8,8,0,0,1-11.22,0L10.39,136a8,8,0,1,1,11.22-11.41L54.4,156.79l84-82.5a8,8,0,1,1,11.22,11.42Zm96.1-11.32a8,8,0,0,0-11.32-.1l-84,82.5-18.83-18.5a8,8,0,0,0-11.21,11.42l24.43,24a8,8,0,0,0,11.22,0l89.6-88A8,8,0,0,0,245.71,74.39Z\"><\/path><\/svg><\/span><span class=\"gb-headline-text\">Compatibilit\u00e9<\/span><\/h2>\n\n\n\n<p>Salt Shaker PRO est compatible avec tous les th\u00e8mes et toutes les extensions de votre site web.<\/p>\n<\/div>\n<\/div>\n\n<\/div>\n<\/div><div class=\"gb-container gb-container-8a4649f2\">\n<div class=\"gb-container gb-container-a0c8fc05\">\n\n<h2 class=\"gb-headline gb-headline-31e9aa8a gb-headline-text\">Mis en avant par<\/h2>\n\n\n\n<div style=\"height:20px\" aria-hidden=\"true\" class=\"wp-block-spacer\"><\/div>\n\n\n\n<div class=\"wp-block-columns is-layout-flex wp-container-core-columns-is-layout-9d6595d7 wp-block-columns-is-layout-flex\">\n<div class=\"wp-block-column is-layout-flow wp-block-column-is-layout-flow\">\n<h3 class=\"gb-headline gb-headline-2c185d5b gb-headline-text\"><a href=\"https:\/\/www.wpbeginner.com\/wp-tutorials\/how-to-automatically-change-wordpress-salt-keys\/\" target=\"_blank\" rel=\"noreferrer noopener\">WPBeginner<\/a><\/h3>\n<\/div>\n\n\n\n<div class=\"wp-block-column is-layout-flow wp-block-column-is-layout-flow\">\n<h3 class=\"gb-headline gb-headline-c4b66800 gb-headline-text\"><a href=\"https:\/\/www.hostinger.com\/tutorials\/wordpress-salts\" target=\"_blank\" rel=\"noreferrer noopener\">Hostinger<\/a><\/h3>\n<\/div>\n\n\n\n<div class=\"wp-block-column is-layout-flow wp-block-column-is-layout-flow\">\n<h3 class=\"gb-headline gb-headline-be089221 gb-headline-text\"><a href=\"https:\/\/kinsta.com\/knowledgebase\/wordpress-salts\/#plugin\" target=\"_blank\" rel=\"noreferrer noopener\">Kinsta<\/a><\/h3>\n<\/div>\n<\/div>\n\n\n\n<div class=\"wp-block-columns is-layout-flex wp-container-core-columns-is-layout-9d6595d7 wp-block-columns-is-layout-flex\">\n<div class=\"wp-block-column is-layout-flow wp-block-column-is-layout-flow\">\n<h3 class=\"gb-headline gb-headline-add54e00 gb-headline-text\"><a href=\"https:\/\/www.elegantthemes.com\/blog\/tips-tricks\/what-are-wordpress-salt-keys-and-how-can-you-change-them\" target=\"_blank\" rel=\"noreferrer noopener\">ElegantThemes<\/a><\/h3>\n<\/div>\n\n\n\n<div class=\"wp-block-column is-layout-flow wp-block-column-is-layout-flow\">\n<h3 class=\"gb-headline gb-headline-eb883d60 gb-headline-text\"><a href=\"https:\/\/wpengine.com\/resources\/generate-wordpress-salt-keys\/#Method_1_Using_a_Plugin\" target=\"_blank\" rel=\"noreferrer noopener\">WPEngine<\/a><\/h3>\n<\/div>\n\n\n\n<div class=\"wp-block-column is-layout-flow wp-block-column-is-layout-flow\">\n<h3 class=\"gb-headline gb-headline-5d010693 gb-headline-text\"><a href=\"https:\/\/code.tutsplus.com\/tutorials\/how-to-auto-update-wordpress-salts--cms-30014\" target=\"_blank\" rel=\"noreferrer noopener\">TutPlus<\/a><\/h3>\n<\/div>\n<\/div>\n\n<\/div>\n<\/div><div class=\"gb-container gb-container-41906cd0\">\n<div class=\"gb-container gb-container-d11aef63\">\n\n<h2 class=\"gb-headline gb-headline-3245b4aa gb-headline-text\">Ce que disent les utilisateurs de Salt Shaker&#8230;<\/h2>\n\n\n\n<div style=\"height:20px\" aria-hidden=\"true\" class=\"wp-block-spacer\"><\/div>\n\n\n\n<figure class=\"wp-block-gallery has-nested-images columns-4 is-cropped wp-block-gallery-1 is-layout-flex wp-block-gallery-is-layout-flex\">\n<figure class=\"wp-block-image size-full is-style-default\"><a href=\"https:\/\/saltshakerwp.com\/wp-content\/uploads\/2023\/03\/ss1.png\"><img decoding=\"async\" width=\"862\" height=\"517\" data-id=\"131\" src=\"https:\/\/saltshakerwp.com\/wp-content\/uploads\/2023\/03\/ss1.png\" alt=\"\" class=\"wp-image-131\" srcset=\"https:\/\/saltshakerwp.com\/wp-content\/uploads\/2023\/03\/ss1.png 862w, https:\/\/saltshakerwp.com\/wp-content\/uploads\/2023\/03\/ss1-300x180.png 300w, https:\/\/saltshakerwp.com\/wp-content\/uploads\/2023\/03\/ss1-768x461.png 768w\" sizes=\"(max-width: 862px) 100vw, 862px\" \/><\/a><\/figure>\n\n\n\n<figure class=\"wp-block-image size-full\"><a href=\"https:\/\/saltshakerwp.com\/wp-content\/uploads\/2023\/03\/ss2.png\"><img decoding=\"async\" width=\"864\" height=\"384\" data-id=\"132\" src=\"https:\/\/saltshakerwp.com\/wp-content\/uploads\/2023\/03\/ss2.png\" alt=\"\" class=\"wp-image-132\" srcset=\"https:\/\/saltshakerwp.com\/wp-content\/uploads\/2023\/03\/ss2.png 864w, https:\/\/saltshakerwp.com\/wp-content\/uploads\/2023\/03\/ss2-300x133.png 300w, https:\/\/saltshakerwp.com\/wp-content\/uploads\/2023\/03\/ss2-768x341.png 768w\" sizes=\"(max-width: 864px) 100vw, 864px\" \/><\/a><\/figure>\n\n\n\n<figure class=\"wp-block-image size-full\"><a href=\"https:\/\/saltshakerwp.com\/wp-content\/uploads\/2023\/03\/ss3.png\"><img decoding=\"async\" width=\"861\" height=\"455\" data-id=\"129\" src=\"https:\/\/saltshakerwp.com\/wp-content\/uploads\/2023\/03\/ss3.png\" alt=\"\" class=\"wp-image-129\" srcset=\"https:\/\/saltshakerwp.com\/wp-content\/uploads\/2023\/03\/ss3.png 861w, https:\/\/saltshakerwp.com\/wp-content\/uploads\/2023\/03\/ss3-300x159.png 300w, https:\/\/saltshakerwp.com\/wp-content\/uploads\/2023\/03\/ss3-768x406.png 768w\" sizes=\"(max-width: 861px) 100vw, 861px\" \/><\/a><\/figure>\n\n\n\n<figure class=\"wp-block-image size-full\"><a href=\"https:\/\/saltshakerwp.com\/wp-content\/uploads\/2023\/03\/ss4.png\"><img decoding=\"async\" width=\"845\" height=\"370\" data-id=\"130\" src=\"https:\/\/saltshakerwp.com\/wp-content\/uploads\/2023\/03\/ss4.png\" alt=\"\" class=\"wp-image-130\" srcset=\"https:\/\/saltshakerwp.com\/wp-content\/uploads\/2023\/03\/ss4.png 845w, https:\/\/saltshakerwp.com\/wp-content\/uploads\/2023\/03\/ss4-300x131.png 300w, https:\/\/saltshakerwp.com\/wp-content\/uploads\/2023\/03\/ss4-768x336.png 768w\" sizes=\"(max-width: 845px) 100vw, 845px\" \/><\/a><\/figure>\n<figcaption class=\"blocks-gallery-caption wp-element-caption\">Un \u00e9chantillon des avis publi\u00e9s sur WordPress.org<\/figcaption><\/figure>\n\n<\/div>\n<\/div><div class=\"gb-container gb-container-4efbbf9a\" id=\"buy\">\n<div class=\"gb-container gb-container-ec29c204\">\n\n<h2 class=\"gb-headline gb-headline-6e8a1ee8 gb-headline-text\">Tarification<\/h2>\n\n\n\n<div style=\"height:20px\" aria-hidden=\"true\" class=\"wp-block-spacer\"><\/div>\n\n\n\n<p class=\"has-text-align-center\">Nous avons opt\u00e9 pour la simplicit\u00e9 ! Obtenez Salt Shaker PRO pour seulement 9,99 $ par an.<\/p>\n\n\n\n<p class=\"has-text-align-center\">Consultez Freemius, notre revendeur, pour les tarifs et les achats :<\/p>\n\n\n<div class=\"gb-container gb-container-b914d1f8\">\n\n<a class=\"gb-button gb-button-32b6f938 gb-button-text\" href=\"https:\/\/checkout.freemius.com\/mode\/dialog\/plugin\/8851\/plan\/14850\/\" target=\"_blank\" rel=\"noopener noreferrer\">ACC\u00c9DER \u00c0 FREEMIUS<\/a>\n\n<\/div>\n<\/div>\n<\/div>","protected":false},"excerpt":{"rendered":"<p>Renforcez la s\u00e9curit\u00e9 de votre WordPress Prot\u00e9gez votre site WordPress comme un professionnel avec l&rsquo;extension Salt Shaker PRO ! Mettez \u00e0 jour vos cl\u00e9s de salage en toute simplicit\u00e9, de mani\u00e8re automatique ou manuelle, afin de maintenir la s\u00e9curit\u00e9 et &#8230; <a title=\"ACCUEIL\" class=\"read-more\" href=\"https:\/\/saltshakerwp.com\/fr\/\" aria-label=\"Plus sur ACCUEIL\">Read more<\/a><\/p>\n","protected":false},"author":1,"featured_media":0,"parent":0,"menu_order":0,"comment_status":"closed","ping_status":"closed","template":"","meta":{"footnotes":""},"class_list":["post-364","page","type-page","status-publish"],"_links":{"self":[{"href":"https:\/\/saltshakerwp.com\/fr\/wp-json\/wp\/v2\/pages\/364","targetHints":{"allow":["GET"]}}],"collection":[{"href":"https:\/\/saltshakerwp.com\/fr\/wp-json\/wp\/v2\/pages"}],"about":[{"href":"https:\/\/saltshakerwp.com\/fr\/wp-json\/wp\/v2\/types\/page"}],"author":[{"embeddable":true,"href":"https:\/\/saltshakerwp.com\/fr\/wp-json\/wp\/v2\/users\/1"}],"replies":[{"embeddable":true,"href":"https:\/\/saltshakerwp.com\/fr\/wp-json\/wp\/v2\/comments?post=364"}],"version-history":[{"count":1,"href":"https:\/\/saltshakerwp.com\/fr\/wp-json\/wp\/v2\/pages\/364\/revisions"}],"predecessor-version":[{"id":365,"href":"https:\/\/saltshakerwp.com\/fr\/wp-json\/wp\/v2\/pages\/364\/revisions\/365"}],"wp:attachment":[{"href":"https:\/\/saltshakerwp.com\/fr\/wp-json\/wp\/v2\/media?parent=364"}],"curies":[{"name":"wp","href":"https:\/\/api.w.org\/{rel}","templated":true}]}}