{"id":441,"date":"2023-03-19T19:58:00","date_gmt":"2023-03-19T17:58:00","guid":{"rendered":"https:\/\/saltshakerwp.com\/caracteristicas\/"},"modified":"2025-03-29T22:21:05","modified_gmt":"2025-03-29T20:21:05","slug":"caracteristicas","status":"publish","type":"page","link":"https:\/\/saltshakerwp.com\/es\/caracteristicas\/","title":{"rendered":"Caracter\u00edsticas"},"content":{"rendered":"\n<p>Salt Shaker PRO fortalece la seguridad de su WordPress permiti\u00e9ndole modificar las claves de sal de WordPress de forma manual o autom\u00e1tica. Podr\u00eda preguntarse, \u00bfes realmente necesario cambiar las claves? Perm\u00edtanos examinar lo que los principales actores de WordPress expresan al respecto:  <\/p>\n\n<blockquote class=\"wp-block-quote is-layout-flow wp-block-quote-is-layout-flow\">\n<p>El concepto fundamental es que al cambiar peri\u00f3dicamente sus claves y sales, se dificulta a\u00fan m\u00e1s que un actor malintencionado pueda obtener acceso a sus sales.<\/p>\n\n\n\n<p>Adicionalmente, modificar sus sales forzar\u00e1 autom\u00e1ticamente el cierre de sesi\u00f3n de todos los usuarios conectados en su sitio, oblig\u00e1ndolos a iniciar sesi\u00f3n nuevamente, lo cual representa otro beneficio potencial. Por ejemplo, si accidentalmente inici\u00f3 sesi\u00f3n en un ordenador p\u00fablico y olvid\u00f3 cerrarla, esto le permitir\u00eda forzar el cierre de sesi\u00f3n de esa cuenta para garantizar que nadie pueda obtener acceso. <\/p>\n<cite><a href=\"https:\/\/kinsta.com\/knowledgebase\/wordpress-salts\/#plugin\" target=\"_blank\" rel=\"noopener\">Kinsta<\/a><\/cite><\/blockquote>\n\n<blockquote class=\"wp-block-quote is-layout-flow wp-block-quote-is-layout-flow\">\n<p>Cuando se modifican las claves de seguridad y sales de WordPress, todos los usuarios ser\u00e1n autom\u00e1ticamente desconectados. Esto es particularmente \u00fatil si frecuentemente inicia sesi\u00f3n en su sitio WordPress desde m\u00faltiples dispositivos o navegadores, ya que el riesgo de que sus datos de inicio de sesi\u00f3n se vean comprometidos es a\u00fan mayor. <\/p>\n\n\n\n<p>Cambiar sus sales y claves de autenticaci\u00f3n de WordPress regularmente es tambi\u00e9n una forma eficaz de eliminar el acceso de los hackers al back-end de su sitio. Tiene la opci\u00f3n de bloquearlos cambiando las claves de sal y la contrase\u00f1a. <\/p>\n<cite><a href=\"https:\/\/www.hostinger.com\/tutorials\/wordpress-salts\" target=\"_blank\" rel=\"noopener\">Hostinger<\/a><\/cite><\/blockquote>\n\n<blockquote class=\"wp-block-quote is-layout-flow wp-block-quote-is-layout-flow\">\n<p>Cuando inicia sesi\u00f3n en WordPress, tiene la opci\u00f3n de permanecer conectado a largo plazo. Para lograr esto, WordPress almacena sus datos de inicio de sesi\u00f3n en cookies en lugar de en una sesi\u00f3n PHP. Individuos malintencionados pueden secuestrar sus cookies a trav\u00e9s de diversos medios, dejando su sitio web vulnerable.   <\/p>\n\n\n\n<p>Para dificultar que los atacantes utilicen los datos de las cookies, puede aprovechar las claves SALT. Las claves SALT de WordPress cifran su contrase\u00f1a, haci\u00e9ndola m\u00e1s dif\u00edcil de adivinar. Adem\u00e1s, es pr\u00e1cticamente imposible para los hackers simplemente &#8216;descifrar&#8217; el resultado para obtener la contrase\u00f1a original.  <\/p>\n<cite><a href=\"https:\/\/wpengine.com\/resources\/generate-wordpress-salt-keys\/#Method_1_Using_a_Plugin\" target=\"_blank\" rel=\"noopener\">WPEngine<\/a><\/cite><\/blockquote>\n\n<p>Salt Shaker PRO facilita enormemente el cambio de sus claves de sal. Va m\u00e1s all\u00e1 para asegurarse de que nunca las olvide. <\/p>\n<div class=\"gb-container gb-container-42a1924c\">\n<div class=\"gb-container gb-container-600fea21\">\n\n<div class=\"wp-block-columns is-layout-flex wp-container-core-columns-is-layout-9d6595d7 wp-block-columns-is-layout-flex\">\n<div class=\"wp-block-column is-layout-flow wp-block-column-is-layout-flow\">\n<h2 class=\"gb-headline gb-headline-502accae\"><span class=\"gb-icon\"><svg xmlns=\"http:\/\/www.w3.org\/2000\/svg\" viewbox=\"0 0 256 256\" fill=\"#000000\" height=\"32\" width=\"32\"><path d=\"M184,64V192a8,8,0,0,1-16,0V64a8,8,0,0,1,16,0Zm40-8a8,8,0,0,0-8,8V192a8,8,0,0,0,16,0V64A8,8,0,0,0,224,56Zm-80,72a15.76,15.76,0,0,1-7.33,13.34L48.48,197.49A15.91,15.91,0,0,1,24,184.15V71.85A15.91,15.91,0,0,1,48.48,58.51l88.19,56.15A15.76,15.76,0,0,1,144,128Zm-16.18,0L40,72.08V183.93Z\"><\/path><\/svg><\/span><span class=\"gb-headline-text\">Generaci\u00f3n Autom\u00e1tica<\/span><\/h2>\n\n\n\n<p>\u00bfFaltan las claves de sal de WordPress? No se preocupe, Salt Shaker PRO le tiene cubierto. Asegura la presencia de las claves e incluso las genera en su nombre.  <\/p>\n<\/div>\n\n\n\n<div class=\"wp-block-column is-layout-flow wp-block-column-is-layout-flow\">\n<figure class=\"gb-block-image gb-block-image-1611cc46\"><img decoding=\"async\" width=\"1049\" height=\"262\" class=\"gb-image gb-image-1611cc46\" src=\"https:\/\/saltshakerwp.com\/wp-content\/uploads\/2023\/03\/salt-keys-not-found-notice.png\" alt=\"\" title=\"salt-keys-not-found-notice\" srcset=\"https:\/\/saltshakerwp.com\/wp-content\/uploads\/2023\/03\/salt-keys-not-found-notice.png 1049w, https:\/\/saltshakerwp.com\/wp-content\/uploads\/2023\/03\/salt-keys-not-found-notice-300x75.png 300w, https:\/\/saltshakerwp.com\/wp-content\/uploads\/2023\/03\/salt-keys-not-found-notice-1024x256.png 1024w, https:\/\/saltshakerwp.com\/wp-content\/uploads\/2023\/03\/salt-keys-not-found-notice-768x192.png 768w\" sizes=\"(max-width: 1049px) 100vw, 1049px\" \/><\/figure>\n<\/div>\n<\/div>\n\n<\/div>\n<\/div><div class=\"gb-container gb-container-ba2236bc\">\n<div class=\"gb-container gb-container-24f96d2e\">\n\n<div class=\"wp-block-columns is-layout-flex wp-container-core-columns-is-layout-9d6595d7 wp-block-columns-is-layout-flex\">\n<div class=\"wp-block-column is-layout-flow wp-block-column-is-layout-flow\">\n<h2 class=\"gb-headline gb-headline-dc8f873a\"><span class=\"gb-icon\"><svg xmlns=\"http:\/\/www.w3.org\/2000\/svg\" viewbox=\"0 0 256 256\" fill=\"#000000\" height=\"32\" width=\"32\"><path d=\"M184,64V192a8,8,0,0,1-16,0V64a8,8,0,0,1,16,0Zm40-8a8,8,0,0,0-8,8V192a8,8,0,0,0,16,0V64A8,8,0,0,0,224,56Zm-80,72a15.76,15.76,0,0,1-7.33,13.34L48.48,197.49A15.91,15.91,0,0,1,24,184.15V71.85A15.91,15.91,0,0,1,48.48,58.51l88.19,56.15A15.76,15.76,0,0,1,144,128Zm-16.18,0L40,72.08V183.93Z\"><\/path><\/svg><\/span><span class=\"gb-headline-text\">Actualizaciones Manuales<\/span><\/h2>\n\n\n\n<p>Salt Shaker PRO le proporciona la capacidad de actualizar sus claves de sal de WordPress manualmente y tambi\u00e9n ofrece la opci\u00f3n de recibir recordatorios oportunos en caso de que descuide actualizar las claves de sal durante un per\u00edodo prolongado.<\/p>\n<\/div>\n\n\n\n<div class=\"wp-block-column is-layout-flow wp-block-column-is-layout-flow\">\n<figure class=\"gb-block-image gb-block-image-59639584\"><img decoding=\"async\" width=\"1117\" height=\"607\" class=\"gb-image gb-image-59639584\" src=\"https:\/\/saltshakerwp.com\/wp-content\/uploads\/2023\/03\/salt-keys-manual-change.png\" alt=\"\" title=\"salt-keys-manual-change\" srcset=\"https:\/\/saltshakerwp.com\/wp-content\/uploads\/2023\/03\/salt-keys-manual-change.png 1117w, https:\/\/saltshakerwp.com\/wp-content\/uploads\/2023\/03\/salt-keys-manual-change-300x163.png 300w, https:\/\/saltshakerwp.com\/wp-content\/uploads\/2023\/03\/salt-keys-manual-change-1024x556.png 1024w, https:\/\/saltshakerwp.com\/wp-content\/uploads\/2023\/03\/salt-keys-manual-change-768x417.png 768w\" sizes=\"(max-width: 1117px) 100vw, 1117px\" \/><\/figure>\n<\/div>\n<\/div>\n\n<\/div>\n<\/div><div class=\"gb-container gb-container-acf1b355\">\n<div class=\"gb-container gb-container-3263ae20\">\n<div class=\"gb-grid-wrapper gb-grid-wrapper-22b7d705\">\n<div class=\"gb-grid-column gb-grid-column-5bc62504\"><div class=\"gb-container gb-container-5bc62504\">\n\n<h2 class=\"gb-headline gb-headline-61abde67\"><span class=\"gb-icon\"><svg xmlns=\"http:\/\/www.w3.org\/2000\/svg\" viewbox=\"0 0 256 256\" fill=\"#000000\" height=\"32\" width=\"32\"><path d=\"M128,40a96,96,0,1,0,96,96A96.11,96.11,0,0,0,128,40Zm0,176a80,80,0,1,1,80-80A80.09,80.09,0,0,1,128,216ZM173.66,90.34a8,8,0,0,1,0,11.32l-40,40a8,8,0,0,1-11.32-11.32l40-40A8,8,0,0,1,173.66,90.34ZM96,16a8,8,0,0,1,8-8h48a8,8,0,0,1,0,16H104A8,8,0,0,1,96,16Z\"><\/path><\/svg><\/span><span class=\"gb-headline-text\">Actualizaciones Programadas<\/span><\/h2>\n\n\n\n<p>Salt Shaker PRO le ofrece m\u00e1s que solo la capacidad de programar actualizaciones regulares para sus claves de sal de WordPress. Tambi\u00e9n tiene la libertad de elegir la hora exacta del d\u00eda, el d\u00eda de la semana y el d\u00eda del mes en que deben actualizarse las claves. Adem\u00e1s, puede optar por recibir notificaciones por correo electr\u00f3nico una vez que se complete la actualizaci\u00f3n.  <\/p>\n\n<\/div><\/div>\n\n<div class=\"gb-grid-column gb-grid-column-4ac87ece\"><div class=\"gb-container gb-container-4ac87ece\">\n\n<figure class=\"gb-block-image gb-block-image-401b49f1\"><img decoding=\"async\" width=\"913\" height=\"728\" class=\"gb-image gb-image-401b49f1\" src=\"https:\/\/saltshakerwp.com\/wp-content\/uploads\/2023\/03\/scheduled-changes-salt-keys.png\" alt=\"\" title=\"scheduled-changes-salt-keys\" srcset=\"https:\/\/saltshakerwp.com\/wp-content\/uploads\/2023\/03\/scheduled-changes-salt-keys.png 913w, https:\/\/saltshakerwp.com\/wp-content\/uploads\/2023\/03\/scheduled-changes-salt-keys-300x239.png 300w, https:\/\/saltshakerwp.com\/wp-content\/uploads\/2023\/03\/scheduled-changes-salt-keys-768x612.png 768w\" sizes=\"(max-width: 913px) 100vw, 913px\" \/><\/figure>\n\n<\/div><\/div>\n<\/div>\n<\/div>\n<\/div><div class=\"gb-container gb-container-7e090605\">\n<div class=\"gb-container gb-container-52a318d1\">\n\n<div style=\"height:30px\" aria-hidden=\"true\" class=\"wp-block-spacer\"><\/div>\n\n\n\n<a class=\"gb-button gb-button-5d2f8c15 gb-button-text\" href=\"\/#buy\">PRU\u00c9BELO AHORA<\/a>\n\n<\/div>\n<\/div>","protected":false},"excerpt":{"rendered":"<p>Salt Shaker PRO fortalece la seguridad de su WordPress permiti\u00e9ndole modificar las claves de sal de WordPress de forma manual o autom\u00e1tica. Podr\u00eda preguntarse, \u00bfes realmente necesario cambiar las claves? Perm\u00edtanos examinar lo que los principales actores de WordPress expresan &#8230; <a title=\"Caracter\u00edsticas\" class=\"read-more\" href=\"https:\/\/saltshakerwp.com\/es\/caracteristicas\/\" aria-label=\"M\u00e1s en Caracter\u00edsticas\">Read more<\/a><\/p>\n","protected":false},"author":1,"featured_media":0,"parent":0,"menu_order":0,"comment_status":"closed","ping_status":"closed","template":"","meta":{"footnotes":""},"class_list":["post-441","page","type-page","status-publish"],"_links":{"self":[{"href":"https:\/\/saltshakerwp.com\/es\/wp-json\/wp\/v2\/pages\/441","targetHints":{"allow":["GET"]}}],"collection":[{"href":"https:\/\/saltshakerwp.com\/es\/wp-json\/wp\/v2\/pages"}],"about":[{"href":"https:\/\/saltshakerwp.com\/es\/wp-json\/wp\/v2\/types\/page"}],"author":[{"embeddable":true,"href":"https:\/\/saltshakerwp.com\/es\/wp-json\/wp\/v2\/users\/1"}],"replies":[{"embeddable":true,"href":"https:\/\/saltshakerwp.com\/es\/wp-json\/wp\/v2\/comments?post=441"}],"version-history":[{"count":1,"href":"https:\/\/saltshakerwp.com\/es\/wp-json\/wp\/v2\/pages\/441\/revisions"}],"predecessor-version":[{"id":442,"href":"https:\/\/saltshakerwp.com\/es\/wp-json\/wp\/v2\/pages\/441\/revisions\/442"}],"wp:attachment":[{"href":"https:\/\/saltshakerwp.com\/es\/wp-json\/wp\/v2\/media?parent=441"}],"curies":[{"name":"wp","href":"https:\/\/api.w.org\/{rel}","templated":true}]}}