{"id":400,"date":"2025-03-09T21:40:15","date_gmt":"2025-03-09T19:40:15","guid":{"rendered":"https:\/\/saltshakerwp.com\/registro-de-cambios-de-salt-shaker-gratuito-pro\/"},"modified":"2025-05-04T14:52:24","modified_gmt":"2025-05-04T12:52:24","slug":"registro-de-cambios-de-salt-shaker-gratuito-pro","status":"publish","type":"page","link":"https:\/\/saltshakerwp.com\/es\/registro-de-cambios-de-salt-shaker-gratuito-pro\/","title":{"rendered":"Registro de cambios de Salt Shaker gratuito &amp; PRO"},"content":{"rendered":"\n<h2 class=\"wp-block-heading\">Registro de cambios de Salt Shaker PRO<\/h2>\n\n<p>He aqu\u00ed las novedades en Salt Shaker PRO: rendimiento mejorado y caracter\u00edsticas exclusivas para usuarios premium.<\/p>\n\n<h3 class=\"gb-headline gb-headline-cbb5c6c7 gb-headline-text\">Versi\u00f3n 2.0.1 &#8211; 4 de mayo de 2025<\/h3>\n\n<ul class=\"wp-block-list\">\n<li>Mejora en la generaci\u00f3n y reemplazo de salt<\/li>\n\n\n\n<li>Compatibilidad con WordPress 6.8<\/li>\n<\/ul>\n\n<h3 class=\"wp-block-heading\">Versi\u00f3n 2.0 &#8211; 9 de marzo de 2025<\/h3>\n\n<ul class=\"wp-block-list\">\n<li>Reescritura completa de la arquitectura del complemento: la misma excelente funcionalidad, rendimiento mejorado.<\/li>\n\n\n\n<li>Nueva interfaz de administraci\u00f3n basada en React con una experiencia de usuario m\u00e1s fluida e intuitiva.<\/li>\n<\/ul>\n\n<h3 class=\"wp-block-heading\">Versi\u00f3n 1.0<\/h3>\n\n<ul class=\"wp-block-list\">\n<li>Lanzamiento inicial \ud83c\udf89<\/li>\n<\/ul>\n\n<hr class=\"wp-block-separator has-alpha-channel-opacity\"\/>\n\n<h2 class=\"wp-block-heading\">Registro de cambios de Salt Shaker<\/h2>\n\n<h3 class=\"gb-headline gb-headline-6d0eb75a gb-headline-text\">Versi\u00f3n 2.0.1 &#8211; 4 de mayo de 2025<\/h3>\n\n<ul class=\"wp-block-list\">\n<li>Mejora en la generaci\u00f3n y reemplazo de salt<\/li>\n\n\n\n<li>Compatibilidad con WordPress 6.8<\/li>\n<\/ul>\n\n<h3 class=\"wp-block-heading\">Versi\u00f3n 2.0 &#8211; 9 de marzo de 2025<\/h3>\n\n<ul class=\"wp-block-list\">\n<li>Reescritura completa de la arquitectura del complemento: la misma excelente funcionalidad, rendimiento mejorado.<\/li>\n\n\n\n<li>Nueva interfaz de administraci\u00f3n basada en React con una experiencia de usuario m\u00e1s fluida e intuitiva.<\/li>\n<\/ul>\n\n<h3 class=\"wp-block-heading\">Versi\u00f3n 1.4.8<\/h3>\n\n<ul class=\"wp-block-list\">\n<li>Actualizado: SDK de Freemius.<\/li>\n<\/ul>\n\n<h3 class=\"wp-block-heading\">Versi\u00f3n 1.4.7<\/h3>\n\n<ul class=\"wp-block-list\">\n<li>Corregido: Error fatal cuando aparece una barra invertida al final de las claves generadas.<\/li>\n<\/ul>\n\n<h3 class=\"wp-block-heading\">Versi\u00f3n 1.4.6<\/h3>\n\n<ul class=\"wp-block-list\">\n<li>Compatibilidad con WordPress 6.7.<\/li>\n\n\n\n<li>Generaci\u00f3n local de salts si falla la llamada a la API.<\/li>\n\n\n\n<li>Actualizado: SDK de Freemius.<\/li>\n<\/ul>\n\n<h3 class=\"wp-block-heading\">Versi\u00f3n 1.4.5<\/h3>\n\n<ul class=\"wp-block-list\">\n<li>Compatibilidad con WordPress 6.6.<\/li>\n\n\n\n<li>Mostrar notificaciones de administrador solo en la p\u00e1gina del complemento.<\/li>\n<\/ul>\n\n<h3 class=\"wp-block-heading\">Versi\u00f3n 1.4.4<\/h3>\n\n<ul class=\"wp-block-list\">\n<li>Compatibilidad con WordPress 6.5.<\/li>\n<\/ul>\n\n<h3 class=\"wp-block-heading\">Versi\u00f3n 1.4.3<\/h3>\n\n<ul class=\"wp-block-list\">\n<li>Compatibilidad con WordPress 6.4.<\/li>\n<\/ul>\n\n<h3 class=\"wp-block-heading\">Versi\u00f3n 1.4.2<\/h3>\n\n<ul class=\"wp-block-list\">\n<li>Correcciones menores de errores.<\/li>\n\n\n\n<li>Actualizado: SDK de Freemius.<\/li>\n<\/ul>\n\n<h3 class=\"wp-block-heading\">Versi\u00f3n 1.4.1<\/h3>\n\n<ul class=\"wp-block-list\">\n<li>Correcci\u00f3n r\u00e1pida para la ruta del archivo wp-salt.<\/li>\n<\/ul>\n\n<h3 class=\"wp-block-heading\">Versi\u00f3n 1.4.0<\/h3>\n\n<ul class=\"wp-block-list\">\n<li>Compatibilidad con WordPress 6.2.<\/li>\n\n\n\n<li>Soporte para archivos wp-salt.<\/li>\n\n\n\n<li>Introducci\u00f3n de Salt Shaker PRO.<\/li>\n<\/ul>\n\n<h3 class=\"wp-block-heading\">Versi\u00f3n 1.3.2<\/h3>\n\n<ul class=\"wp-block-list\">\n<li>Compatibilidad con WordPress 6.1.<\/li>\n<\/ul>\n\n<h3 class=\"wp-block-heading\">Versi\u00f3n 1.3.1<\/h3>\n\n<ul class=\"wp-block-list\">\n<li>Compatibilidad con WordPress 6.0.<\/li>\n\n\n\n<li>Corregido: Problema donde las claves AUTH_KEY y AUTH_SALT no se modificaban.<\/li>\n<\/ul>\n\n<h3 class=\"wp-block-heading\">Versi\u00f3n 1.3.0<\/h3>\n\n<ul class=\"wp-block-list\">\n<li>Probado con WordPress 5.9.<\/li>\n<\/ul>\n\n<h3 class=\"wp-block-heading\">Versi\u00f3n 1.2.9<\/h3>\n\n<ul class=\"wp-block-list\">\n<li>Compatibilidad con WordPress 5.8.<\/li>\n<\/ul>\n\n<h3 class=\"wp-block-heading\">Versi\u00f3n 1.2.8<\/h3>\n\n<ul class=\"wp-block-list\">\n<li>Compatibilidad con WordPress 5.7.<\/li>\n<\/ul>\n\n<h3 class=\"wp-block-heading\">Versi\u00f3n 1.2.7<\/h3>\n\n<ul class=\"wp-block-list\">\n<li>Compatibilidad con WordPress 5.5.<\/li>\n<\/ul>\n\n<h3 class=\"wp-block-heading\">Versi\u00f3n 1.2.6<\/h3>\n\n<ul class=\"wp-block-list\">\n<li>Compatibilidad con WordPress 5.4.<\/li>\n\n\n\n<li>Reemplazo de funciones personalizadas por funciones est\u00e1ndar de WP.<\/li>\n<\/ul>\n\n<h3 class=\"wp-block-heading\">Versi\u00f3n 1.2.5<\/h3>\n\n<ul class=\"wp-block-list\">\n<li>Mejora de la internacionalizaci\u00f3n.<\/li>\n\n\n\n<li>Compatibilidad con WordPress 5.3.<\/li>\n<\/ul>\n\n<h3 class=\"wp-block-heading\">Versi\u00f3n 1.2.4<\/h3>\n\n<ul class=\"wp-block-list\">\n<li>Preservaci\u00f3n de los permisos originales del archivo de configuraci\u00f3n.<\/li>\n\n\n\n<li>Mejoras de rendimiento.<\/li>\n<\/ul>\n\n<h3 class=\"wp-block-heading\">Versi\u00f3n 1.4.1<\/h3>\n\n<ul class=\"wp-block-list\">\n<li>Correcci\u00f3n r\u00e1pida para la ruta del archivo wp-salt.<\/li>\n<\/ul>\n\n<h3 class=\"wp-block-heading\">Versi\u00f3n 1.4.0<\/h3>\n\n<ul class=\"wp-block-list\">\n<li>Compatibilidad con WordPress 6.2.<\/li>\n\n\n\n<li>Soporte para archivos wp-salt.<\/li>\n\n\n\n<li>Introducci\u00f3n de Salt Shaker PRO.<\/li>\n<\/ul>\n\n<h3 class=\"wp-block-heading\">Versi\u00f3n 1.3.2<\/h3>\n\n<ul class=\"wp-block-list\">\n<li>Compatibilidad con WordPress 6.1.<\/li>\n<\/ul>\n\n<h3 class=\"wp-block-heading\">Versi\u00f3n 1.3.1<\/h3>\n\n<ul class=\"wp-block-list\">\n<li>Compatibilidad con WordPress 6.0.<\/li>\n\n\n\n<li>Corregido: Claves AUTH_KEY y AUTH_SALT no cambiaban correctamente.<\/li>\n<\/ul>\n\n<h3 class=\"wp-block-heading\">Versi\u00f3n 1.3.0<\/h3>\n\n<ul class=\"wp-block-list\">\n<li>Probado con WordPress 5.9.<\/li>\n<\/ul>\n\n<h3 class=\"wp-block-heading\">Versi\u00f3n 1.2.9<\/h3>\n\n<ul class=\"wp-block-list\">\n<li>Compatibilidad con WordPress 5.8.<\/li>\n<\/ul>\n\n<h3 class=\"wp-block-heading\">Versi\u00f3n 1.2.8<\/h3>\n\n<ul class=\"wp-block-list\">\n<li>Compatibilidad con WordPress 5.7.<\/li>\n<\/ul>\n\n<h3 class=\"wp-block-heading\">Versi\u00f3n 1.2.7<\/h3>\n\n<ul class=\"wp-block-list\">\n<li>Compatibilidad con WordPress 5.5.<\/li>\n<\/ul>\n\n<h3 class=\"wp-block-heading\">Versi\u00f3n 1.2.6<\/h3>\n\n<ul class=\"wp-block-list\">\n<li>Compatibilidad con WordPress 5.4.<\/li>\n\n\n\n<li>Reemplazo de algunas funciones personalizadas por funciones est\u00e1ndar de WP.<\/li>\n<\/ul>\n\n<h3 class=\"wp-block-heading\">Versi\u00f3n 1.2.5<\/h3>\n\n<ul class=\"wp-block-list\">\n<li>Mejora de la internacionalizaci\u00f3n.<\/li>\n\n\n\n<li>Compatibilidad con WordPress 5.3.<\/li>\n<\/ul>\n\n<h3 class=\"wp-block-heading\">Versi\u00f3n 1.2.4<\/h3>\n\n<ul class=\"wp-block-list\">\n<li>Mantenimiento de los permisos originales del archivo de configuraci\u00f3n.<\/li>\n\n\n\n<li>Mejoras de rendimiento.<\/li>\n<\/ul>\n\n<h3 class=\"wp-block-heading\">Versi\u00f3n 1.2.3<\/h3>\n\n<ul class=\"wp-block-list\">\n<li>Cambio de permisos de configuraci\u00f3n a 0640.<\/li>\n\n\n\n<li>Adici\u00f3n de filtros para salts adicionales.<\/li>\n<\/ul>\n\n<h3 class=\"wp-block-heading\">Versi\u00f3n 1.2.2<\/h3>\n\n<ul class=\"wp-block-list\">\n<li>Probado con WordPress 5.1.<\/li>\n\n\n\n<li>Adici\u00f3n de enlace a la p\u00e1gina de configuraci\u00f3n desde la p\u00e1gina de complementos.<\/li>\n\n\n\n<li>Redirecci\u00f3n al inicio de sesi\u00f3n despu\u00e9s del cambio inmediato de salt.<\/li>\n\n\n\n<li>Verificaci\u00f3n de la capacidad de escritura de wp-config.php.<\/li>\n\n\n\n<li>Filtro para definir archivo de salts personalizado: <code>salt_shaker_salts_file<\/code>.<\/li>\n<\/ul>\n\n<h3 class=\"wp-block-heading\">Versi\u00f3n 1.2.1<\/h3>\n\n<ul class=\"wp-block-list\">\n<li>Probado con WordPress 5.0.<\/li>\n\n\n\n<li>#11: Adici\u00f3n de intervalos trimestrales y semestrales.<\/li>\n\n\n\n<li>Correcci\u00f3n de problema cuando wp-config est\u00e1 fuera de la ra\u00edz.<\/li>\n\n\n\n<li>Correcci\u00f3n de error de actualizaci\u00f3n cron: el cron antiguo ahora se elimina correctamente.<\/li>\n<\/ul>\n\n<h3 class=\"wp-block-heading\">Versi\u00f3n 1.2.0<\/h3>\n\n<ul class=\"wp-block-list\">\n<li>Probado con WordPress 4.9.<\/li>\n\n\n\n<li>#9: Cambio de salts cuando wp-config.php est\u00e1 un nivel por encima de la ra\u00edz del documento.<\/li>\n\n\n\n<li>Configuraci\u00f3n de permisos correctos en wp-config.php seg\u00fan el Codex.<\/li>\n<\/ul>\n\n<h3 class=\"wp-block-heading\">Versi\u00f3n 1.1.6<\/h3>\n\n<ul class=\"wp-block-list\">\n<li>#8: Cambio de finales de l\u00ednea a LF.<\/li>\n<\/ul>\n\n<h3 class=\"wp-block-heading\">Versi\u00f3n 1.1.5<\/h3>\n\n<ul class=\"wp-block-list\">\n<li>Mejoras de seguridad.<\/li>\n<\/ul>\n\n<h3 class=\"wp-block-heading\">Versi\u00f3n 1.1.4<\/h3>\n\n<ul class=\"wp-block-list\">\n<li>Garant\u00eda de privilegios de administrador antes de solicitudes AJAX.<\/li>\n\n\n\n<li>Escape de atributos utilizando <code>esc_attr_e<\/code>.<\/li>\n<\/ul>\n\n<h3 class=\"wp-block-heading\">Versi\u00f3n 1.1.3<\/h3>\n\n<ul class=\"wp-block-list\">\n<li>Compatibilidad con WordPress 4.8.<\/li>\n<\/ul>\n\n<h3 class=\"wp-block-heading\">Versi\u00f3n 1.1.2<\/h3>\n\n<ul class=\"wp-block-list\">\n<li>Compatibilidad con WordPress 4.7.<\/li>\n<\/ul>\n\n<h3 class=\"wp-block-heading\">Versi\u00f3n 1.1.1<\/h3>\n\n<ul class=\"wp-block-list\">\n<li>Edici\u00f3n del archivo de traducci\u00f3n al \u00e1rabe.<\/li>\n<\/ul>\n\n<h3 class=\"wp-block-heading\">Versi\u00f3n 1.1.0<\/h3>\n\n<ul class=\"wp-block-list\">\n<li>Algunas mejoras.<\/li>\n\n\n\n<li>Preparado para m\u00faltiples idiomas.<\/li>\n<\/ul>\n\n<h3 class=\"wp-block-heading\">Versi\u00f3n 1.0.0<\/h3>\n\n<ul class=\"wp-block-list\">\n<li>Lanzamiento inicial \ud83c\udf89<\/li>\n<\/ul>\n","protected":false},"excerpt":{"rendered":"<p>Registro de cambios de Salt Shaker PRO He aqu\u00ed las novedades en Salt Shaker PRO: rendimiento mejorado y caracter\u00edsticas exclusivas para usuarios premium. Versi\u00f3n 2.0.1 &#8211; 4 de mayo de 2025 Versi\u00f3n 2.0 &#8211; 9 de marzo de 2025 Versi\u00f3n &#8230; <a title=\"Registro de cambios de Salt Shaker gratuito &amp; PRO\" class=\"read-more\" href=\"https:\/\/saltshakerwp.com\/es\/registro-de-cambios-de-salt-shaker-gratuito-pro\/\" aria-label=\"M\u00e1s en Registro de cambios de Salt Shaker gratuito &amp; PRO\">Read more<\/a><\/p>\n","protected":false},"author":1,"featured_media":0,"parent":0,"menu_order":0,"comment_status":"closed","ping_status":"closed","template":"","meta":{"footnotes":""},"class_list":["post-400","page","type-page","status-publish"],"_links":{"self":[{"href":"https:\/\/saltshakerwp.com\/es\/wp-json\/wp\/v2\/pages\/400","targetHints":{"allow":["GET"]}}],"collection":[{"href":"https:\/\/saltshakerwp.com\/es\/wp-json\/wp\/v2\/pages"}],"about":[{"href":"https:\/\/saltshakerwp.com\/es\/wp-json\/wp\/v2\/types\/page"}],"author":[{"embeddable":true,"href":"https:\/\/saltshakerwp.com\/es\/wp-json\/wp\/v2\/users\/1"}],"replies":[{"embeddable":true,"href":"https:\/\/saltshakerwp.com\/es\/wp-json\/wp\/v2\/comments?post=400"}],"version-history":[{"count":2,"href":"https:\/\/saltshakerwp.com\/es\/wp-json\/wp\/v2\/pages\/400\/revisions"}],"predecessor-version":[{"id":461,"href":"https:\/\/saltshakerwp.com\/es\/wp-json\/wp\/v2\/pages\/400\/revisions\/461"}],"wp:attachment":[{"href":"https:\/\/saltshakerwp.com\/es\/wp-json\/wp\/v2\/media?parent=400"}],"curies":[{"name":"wp","href":"https:\/\/api.w.org\/{rel}","templated":true}]}}