{"id":356,"date":"2023-03-19T11:50:12","date_gmt":"2023-03-19T09:50:12","guid":{"rendered":"https:\/\/saltshakerwp.com\/inicio\/"},"modified":"2025-03-29T22:15:31","modified_gmt":"2025-03-29T20:15:31","slug":"inicio","status":"publish","type":"page","link":"https:\/\/saltshakerwp.com\/es\/","title":{"rendered":"INICIO"},"content":{"rendered":"<div class=\"gb-container gb-container-d561e474\">\n\n<div style=\"height:100px\" aria-hidden=\"true\" class=\"wp-block-spacer\"><\/div>\n\n\n\n<h1 class=\"gb-headline gb-headline-e6ca1be0 gb-headline-text\">Fortalezca la seguridad de su WordPress<\/h1>\n\n\n\n<p class=\"has-text-align-center has-medium-font-size\">\u00a1Proteja su sitio WordPress como un profesional con el complemento Salt Shaker PRO!<\/p>\n\n\n\n<p class=\"has-text-align-center has-medium-font-size\">Actualice sus claves de sal con facilidad, ya sea de forma autom\u00e1tica o manual, para mantener su sitio seguro y protegido.<\/p>\n\n\n<div class=\"gb-container gb-container-03990251\">\n\n<a class=\"gb-button gb-button-8c32c4bd gb-button-text\" href=\"#features\">VER CARACTER\u00cdSTICAS<\/a>\n\n\n\n<a class=\"gb-button gb-button-8352f217 gb-button-text\" href=\"#buy\">COMPRAR AHORA<\/a>\n\n<\/div>\n\n\n<figure class=\"gb-block-image gb-block-image-8588b5e1\"><img decoding=\"async\" width=\"983\" height=\"748\" class=\"gb-image gb-image-8588b5e1\" src=\"https:\/\/saltshakerwp.com\/wp-content\/uploads\/2023\/03\/salt-shaker-pro.png\" alt=\"\" srcset=\"https:\/\/saltshakerwp.com\/wp-content\/uploads\/2023\/03\/salt-shaker-pro.png 983w, https:\/\/saltshakerwp.com\/wp-content\/uploads\/2023\/03\/salt-shaker-pro-300x228.png 300w, https:\/\/saltshakerwp.com\/wp-content\/uploads\/2023\/03\/salt-shaker-pro-768x584.png 768w\" sizes=\"(max-width: 983px) 100vw, 983px\" \/><\/figure>\n\n<\/div><div class=\"gb-container gb-container-055ab3ef\" id=\"features\">\n<div class=\"gb-container gb-container-2cb15d93\">\n\n<div class=\"wp-block-columns is-layout-flex wp-container-core-columns-is-layout-9d6595d7 wp-block-columns-is-layout-flex\">\n<div class=\"wp-block-column is-layout-flow wp-block-column-is-layout-flow\">\n<h2 class=\"gb-headline gb-headline-d96f76ed\"><span class=\"gb-icon\"><svg xmlns=\"http:\/\/www.w3.org\/2000\/svg\" viewbox=\"0 0 256 256\" fill=\"#000000\" height=\"32\" width=\"32\"><path d=\"M136,120v96a8,8,0,0,1-16,0V120a8,8,0,0,1,16,0Zm64,72a8,8,0,0,0-8,8v16a8,8,0,0,0,16,0V200A8,8,0,0,0,200,192Zm24-32H208V40a8,8,0,0,0-16,0V160H176a8,8,0,0,0,0,16h48a8,8,0,0,0,0-16ZM56,160a8,8,0,0,0-8,8v48a8,8,0,0,0,16,0V168A8,8,0,0,0,56,160Zm24-32H64V40a8,8,0,0,0-16,0v88H32a8,8,0,0,0,0,16H80a8,8,0,0,0,0-16Zm72-48H136V40a8,8,0,0,0-16,0V80H104a8,8,0,0,0,0,16h48a8,8,0,0,0,0-16Z\"><\/path><\/svg><\/span><span class=\"gb-headline-text\">Panel de control intuitivo<\/span><\/h2>\n\n\n\n<p>Salt Shaker PRO dispone de un panel de control f\u00e1cil de usar que evita la saturaci\u00f3n del men\u00fa de administraci\u00f3n.<\/p>\n<\/div>\n\n\n\n<div class=\"wp-block-column is-layout-flow wp-block-column-is-layout-flow\">\n<h2 class=\"gb-headline gb-headline-1b036730\"><span class=\"gb-icon\"><svg xmlns=\"http:\/\/www.w3.org\/2000\/svg\" viewbox=\"0 0 256 256\" fill=\"#000000\" height=\"32\" width=\"32\"><path d=\"M221.28,34.75a64,64,0,0,0-90.49,0L60.69,104A15.9,15.9,0,0,0,56,115.31v73.38L26.34,218.34a8,8,0,0,0,11.32,11.32L67.32,200H140.7A15.92,15.92,0,0,0,152,195.32l0,0,69.23-70A64,64,0,0,0,221.28,34.75ZM142.07,46.06A48,48,0,0,1,211.79,112H155.33l34.35-34.34a8,8,0,0,0-11.32-11.32L120,124.69V67.87ZM72,115.35l32-31.67v57l-32,32ZM140.7,184H83.32l56-56h56.74Z\"><\/path><\/svg><\/span><span class=\"gb-headline-text\">Ligero<\/span><\/h2>\n\n\n\n<p>Nos centramos en mantener las cosas simples y eficientes mediante el uso de c\u00f3digo limpio, v\u00e1lido y liviano.<\/p>\n<\/div>\n\n\n\n<div class=\"wp-block-column is-layout-flow wp-block-column-is-layout-flow\">\n<h2 class=\"gb-headline gb-headline-cf5441a8\"><span class=\"gb-icon\"><svg xmlns=\"http:\/\/www.w3.org\/2000\/svg\" viewbox=\"0 0 256 256\" fill=\"#000000\" height=\"32\" width=\"32\"><path d=\"M128,32a96,96,0,1,0,96,96A96.11,96.11,0,0,0,128,32Zm0,176a80,80,0,1,1,80-80A80.09,80.09,0,0,1,128,208ZM61.66,29.66l-32,32A8,8,0,0,1,18.34,50.34l32-32A8,8,0,1,1,61.66,29.66Zm176,32a8,8,0,0,1-11.32,0l-32-32a8,8,0,0,1,11.32-11.32l32,32A8,8,0,0,1,237.66,61.66ZM184,120a8,8,0,0,1,0,16H128a8,8,0,0,1-8-8V72a8,8,0,0,1,16,0v48Z\"><\/path><\/svg><\/span><span class=\"gb-headline-text\">Recordatorios<\/span><\/h2>\n\n\n\n<p>Puede solicitar a Salt Shaker PRO que le recuerde actualizar manualmente las claves de sal de WordPress.<\/p>\n<\/div>\n<\/div>\n\n\n\n<div class=\"wp-block-columns is-layout-flex wp-container-core-columns-is-layout-9d6595d7 wp-block-columns-is-layout-flex\">\n<div class=\"wp-block-column is-layout-flow wp-block-column-is-layout-flow\">\n<h2 class=\"gb-headline gb-headline-16b039a4\"><span class=\"gb-icon\"><svg xmlns=\"http:\/\/www.w3.org\/2000\/svg\" viewbox=\"0 0 256 256\" fill=\"#000000\" height=\"32\" width=\"32\"><path d=\"M140,180a12,12,0,1,1-12-12A12,12,0,0,1,140,180ZM128,72c-22.06,0-40,16.15-40,36v4a8,8,0,0,0,16,0v-4c0-11,10.77-20,24-20s24,9,24,20-10.77,20-24,20a8,8,0,0,0-8,8v8a8,8,0,0,0,16,0v-.72c18.24-3.35,32-17.9,32-35.28C168,88.15,150.06,72,128,72Zm104,56A104,104,0,1,1,128,24,104.11,104.11,0,0,1,232,128Zm-16,0a88,88,0,1,0-88,88A88.1,88.1,0,0,0,216,128Z\"><\/path><\/svg><\/span><span class=\"gb-headline-text\">Soporte<\/span><\/h2>\n\n\n\n<p>Soporte directamente de los desarrolladores del complemento. Somos un equipo peque\u00f1o y le ayudaremos. <\/p>\n<\/div>\n\n\n\n<div class=\"wp-block-column is-layout-flow wp-block-column-is-layout-flow\">\n<h2 class=\"gb-headline gb-headline-8c03f3d5\"><span class=\"gb-icon\"><svg xmlns=\"http:\/\/www.w3.org\/2000\/svg\" viewbox=\"0 0 256 256\" fill=\"#000000\" height=\"32\" width=\"32\"><path d=\"M228.44,89.34l-96-64a8,8,0,0,0-8.88,0l-96,64A8,8,0,0,0,24,96V200a16,16,0,0,0,16,16H216a16,16,0,0,0,16-16V96A8,8,0,0,0,228.44,89.34ZM96.72,152,40,192V111.53Zm16.37,8h29.82l56.63,40H56.46Zm46.19-8L216,111.53V192ZM128,41.61l81.91,54.61-67,47.78H113.11l-67-47.78Z\"><\/path><\/svg><\/span><span class=\"gb-headline-text\">Notificaciones<\/span><\/h2>\n\n\n\n<p>Salt Shaker PRO puede enviarle correos electr\u00f3nicos cuando las claves de sal se cambien autom\u00e1ticamente, si as\u00ed lo desea.<\/p>\n<\/div>\n\n\n\n<div class=\"wp-block-column is-layout-flow wp-block-column-is-layout-flow\">\n<h2 class=\"gb-headline gb-headline-74687252\"><span class=\"gb-icon\"><svg xmlns=\"http:\/\/www.w3.org\/2000\/svg\" viewbox=\"0 0 256 256\" fill=\"#000000\" height=\"32\" width=\"32\"><path d=\"M149.61,85.71l-89.6,88a8,8,0,0,1-11.22,0L10.39,136a8,8,0,1,1,11.22-11.41L54.4,156.79l84-82.5a8,8,0,1,1,11.22,11.42Zm96.1-11.32a8,8,0,0,0-11.32-.1l-84,82.5-18.83-18.5a8,8,0,0,0-11.21,11.42l24.43,24a8,8,0,0,0,11.22,0l89.6-88A8,8,0,0,0,245.71,74.39Z\"><\/path><\/svg><\/span><span class=\"gb-headline-text\">Compatibilidad<\/span><\/h2>\n\n\n\n<p>Salt Shaker PRO funcionar\u00e1 con cualquier tema y cualquier complemento en su sitio web.<\/p>\n<\/div>\n<\/div>\n\n<\/div>\n<\/div><div class=\"gb-container gb-container-8a4649f2\">\n<div class=\"gb-container gb-container-a0c8fc05\">\n\n<h2 class=\"gb-headline gb-headline-31e9aa8a gb-headline-text\">Destacado en<\/h2>\n\n\n\n<div style=\"height:20px\" aria-hidden=\"true\" class=\"wp-block-spacer\"><\/div>\n\n\n\n<div class=\"wp-block-columns is-layout-flex wp-container-core-columns-is-layout-9d6595d7 wp-block-columns-is-layout-flex\">\n<div class=\"wp-block-column is-layout-flow wp-block-column-is-layout-flow\">\n<h3 class=\"gb-headline gb-headline-2c185d5b gb-headline-text\"><a href=\"https:\/\/www.wpbeginner.com\/wp-tutorials\/how-to-automatically-change-wordpress-salt-keys\/\" target=\"_blank\" rel=\"noreferrer noopener\">WPBeginner<\/a><\/h3>\n<\/div>\n\n\n\n<div class=\"wp-block-column is-layout-flow wp-block-column-is-layout-flow\">\n<h3 class=\"gb-headline gb-headline-c4b66800 gb-headline-text\"><a href=\"https:\/\/www.hostinger.com\/tutorials\/wordpress-salts\" target=\"_blank\" rel=\"noreferrer noopener\">Hostinger<\/a><\/h3>\n<\/div>\n\n\n\n<div class=\"wp-block-column is-layout-flow wp-block-column-is-layout-flow\">\n<h3 class=\"gb-headline gb-headline-be089221 gb-headline-text\"><a href=\"https:\/\/kinsta.com\/knowledgebase\/wordpress-salts\/#plugin\" target=\"_blank\" rel=\"noreferrer noopener\">Kinsta<\/a><\/h3>\n<\/div>\n<\/div>\n\n\n\n<div class=\"wp-block-columns is-layout-flex wp-container-core-columns-is-layout-9d6595d7 wp-block-columns-is-layout-flex\">\n<div class=\"wp-block-column is-layout-flow wp-block-column-is-layout-flow\">\n<h3 class=\"gb-headline gb-headline-add54e00 gb-headline-text\"><a href=\"https:\/\/www.elegantthemes.com\/blog\/tips-tricks\/what-are-wordpress-salt-keys-and-how-can-you-change-them\" target=\"_blank\" rel=\"noreferrer noopener\">ElegantThemes<\/a><\/h3>\n<\/div>\n\n\n\n<div class=\"wp-block-column is-layout-flow wp-block-column-is-layout-flow\">\n<h3 class=\"gb-headline gb-headline-eb883d60 gb-headline-text\"><a href=\"https:\/\/wpengine.com\/resources\/generate-wordpress-salt-keys\/#Method_1_Using_a_Plugin\" target=\"_blank\" rel=\"noreferrer noopener\">WPEngine<\/a><\/h3>\n<\/div>\n\n\n\n<div class=\"wp-block-column is-layout-flow wp-block-column-is-layout-flow\">\n<h3 class=\"gb-headline gb-headline-5d010693 gb-headline-text\"><a href=\"https:\/\/code.tutsplus.com\/tutorials\/how-to-auto-update-wordpress-salts--cms-30014\" target=\"_blank\" rel=\"noreferrer noopener\">TutPlus<\/a><\/h3>\n<\/div>\n<\/div>\n\n<\/div>\n<\/div><div class=\"gb-container gb-container-41906cd0\">\n<div class=\"gb-container gb-container-d11aef63\">\n\n<h2 class=\"gb-headline gb-headline-3245b4aa gb-headline-text\">Lo que dicen los usuarios de Salt Shaker&#8230;<\/h2>\n\n\n\n<div style=\"height:20px\" aria-hidden=\"true\" class=\"wp-block-spacer\"><\/div>\n\n\n\n<figure class=\"wp-block-gallery has-nested-images columns-4 is-cropped wp-block-gallery-1 is-layout-flex wp-block-gallery-is-layout-flex\">\n<figure class=\"wp-block-image size-full is-style-default\"><a href=\"https:\/\/saltshakerwp.com\/wp-content\/uploads\/2023\/03\/ss1.png\"><img decoding=\"async\" width=\"862\" height=\"517\" data-id=\"131\" src=\"https:\/\/saltshakerwp.com\/wp-content\/uploads\/2023\/03\/ss1.png\" alt=\"\" class=\"wp-image-131\" srcset=\"https:\/\/saltshakerwp.com\/wp-content\/uploads\/2023\/03\/ss1.png 862w, https:\/\/saltshakerwp.com\/wp-content\/uploads\/2023\/03\/ss1-300x180.png 300w, https:\/\/saltshakerwp.com\/wp-content\/uploads\/2023\/03\/ss1-768x461.png 768w\" sizes=\"(max-width: 862px) 100vw, 862px\" \/><\/a><\/figure>\n\n\n\n<figure class=\"wp-block-image size-full\"><a href=\"https:\/\/saltshakerwp.com\/wp-content\/uploads\/2023\/03\/ss2.png\"><img decoding=\"async\" width=\"864\" height=\"384\" data-id=\"132\" src=\"https:\/\/saltshakerwp.com\/wp-content\/uploads\/2023\/03\/ss2.png\" alt=\"\" class=\"wp-image-132\" srcset=\"https:\/\/saltshakerwp.com\/wp-content\/uploads\/2023\/03\/ss2.png 864w, https:\/\/saltshakerwp.com\/wp-content\/uploads\/2023\/03\/ss2-300x133.png 300w, https:\/\/saltshakerwp.com\/wp-content\/uploads\/2023\/03\/ss2-768x341.png 768w\" sizes=\"(max-width: 864px) 100vw, 864px\" \/><\/a><\/figure>\n\n\n\n<figure class=\"wp-block-image size-full\"><a href=\"https:\/\/saltshakerwp.com\/wp-content\/uploads\/2023\/03\/ss3.png\"><img decoding=\"async\" width=\"861\" height=\"455\" data-id=\"129\" src=\"https:\/\/saltshakerwp.com\/wp-content\/uploads\/2023\/03\/ss3.png\" alt=\"\" class=\"wp-image-129\" srcset=\"https:\/\/saltshakerwp.com\/wp-content\/uploads\/2023\/03\/ss3.png 861w, https:\/\/saltshakerwp.com\/wp-content\/uploads\/2023\/03\/ss3-300x159.png 300w, https:\/\/saltshakerwp.com\/wp-content\/uploads\/2023\/03\/ss3-768x406.png 768w\" sizes=\"(max-width: 861px) 100vw, 861px\" \/><\/a><\/figure>\n\n\n\n<figure class=\"wp-block-image size-full\"><a href=\"https:\/\/saltshakerwp.com\/wp-content\/uploads\/2023\/03\/ss4.png\"><img decoding=\"async\" width=\"845\" height=\"370\" data-id=\"130\" src=\"https:\/\/saltshakerwp.com\/wp-content\/uploads\/2023\/03\/ss4.png\" alt=\"\" class=\"wp-image-130\" srcset=\"https:\/\/saltshakerwp.com\/wp-content\/uploads\/2023\/03\/ss4.png 845w, https:\/\/saltshakerwp.com\/wp-content\/uploads\/2023\/03\/ss4-300x131.png 300w, https:\/\/saltshakerwp.com\/wp-content\/uploads\/2023\/03\/ss4-768x336.png 768w\" sizes=\"(max-width: 845px) 100vw, 845px\" \/><\/a><\/figure>\n<figcaption class=\"blocks-gallery-caption wp-element-caption\">Una muestra de las rese\u00f1as de WordPress.org<\/figcaption><\/figure>\n\n<\/div>\n<\/div><div class=\"gb-container gb-container-4efbbf9a\" id=\"buy\">\n<div class=\"gb-container gb-container-ec29c204\">\n\n<h2 class=\"gb-headline gb-headline-6e8a1ee8 gb-headline-text\">Precios<\/h2>\n\n\n\n<div style=\"height:20px\" aria-hidden=\"true\" class=\"wp-block-spacer\"><\/div>\n\n\n\n<p class=\"has-text-align-center\">\u00a1Lo hemos simplificado! Obtenga Salt Shaker PRO por tan solo $9.99 anuales. <\/p>\n\n\n\n<p class=\"has-text-align-center\">Consulte Freemius, nuestro revendedor, para precios y compras:<\/p>\n\n\n<div class=\"gb-container gb-container-b914d1f8\">\n\n<a class=\"gb-button gb-button-32b6f938 gb-button-text\" href=\"https:\/\/checkout.freemius.com\/mode\/dialog\/plugin\/8851\/plan\/14850\/\" target=\"_blank\" rel=\"noopener noreferrer\">IR A FREEMIUS<\/a>\n\n<\/div>\n<\/div>\n<\/div>","protected":false},"excerpt":{"rendered":"<p>Fortalezca la seguridad de su WordPress \u00a1Proteja su sitio WordPress como un profesional con el complemento Salt Shaker PRO! Actualice sus claves de sal con facilidad, ya sea de forma autom\u00e1tica o manual, para mantener su sitio seguro y protegido. &#8230; <a title=\"INICIO\" class=\"read-more\" href=\"https:\/\/saltshakerwp.com\/es\/\" aria-label=\"M\u00e1s en INICIO\">Read more<\/a><\/p>\n","protected":false},"author":1,"featured_media":0,"parent":0,"menu_order":0,"comment_status":"closed","ping_status":"closed","template":"","meta":{"footnotes":""},"class_list":["post-356","page","type-page","status-publish"],"_links":{"self":[{"href":"https:\/\/saltshakerwp.com\/es\/wp-json\/wp\/v2\/pages\/356","targetHints":{"allow":["GET"]}}],"collection":[{"href":"https:\/\/saltshakerwp.com\/es\/wp-json\/wp\/v2\/pages"}],"about":[{"href":"https:\/\/saltshakerwp.com\/es\/wp-json\/wp\/v2\/types\/page"}],"author":[{"embeddable":true,"href":"https:\/\/saltshakerwp.com\/es\/wp-json\/wp\/v2\/users\/1"}],"replies":[{"embeddable":true,"href":"https:\/\/saltshakerwp.com\/es\/wp-json\/wp\/v2\/comments?post=356"}],"version-history":[{"count":1,"href":"https:\/\/saltshakerwp.com\/es\/wp-json\/wp\/v2\/pages\/356\/revisions"}],"predecessor-version":[{"id":357,"href":"https:\/\/saltshakerwp.com\/es\/wp-json\/wp\/v2\/pages\/356\/revisions\/357"}],"wp:attachment":[{"href":"https:\/\/saltshakerwp.com\/es\/wp-json\/wp\/v2\/media?parent=356"}],"curies":[{"name":"wp","href":"https:\/\/api.w.org\/{rel}","templated":true}]}}