{"id":408,"date":"2023-03-19T19:58:00","date_gmt":"2023-03-19T17:58:00","guid":{"rendered":"https:\/\/saltshakerwp.com\/funktionen\/"},"modified":"2025-03-29T22:20:27","modified_gmt":"2025-03-29T20:20:27","slug":"funktionen","status":"publish","type":"page","link":"https:\/\/saltshakerwp.com\/de\/funktionen\/","title":{"rendered":"Funktionen"},"content":{"rendered":"\n<p>Salt Shaker PRO verst\u00e4rkt Ihre WordPress-Sicherheit, indem es Ihnen erm\u00f6glicht, WordPress-Salt-Schl\u00fcssel manuell oder automatisch zu \u00e4ndern. Sie fragen sich vielleicht, ob es tats\u00e4chlich notwendig ist, die Schl\u00fcssel zu \u00e4ndern. Lassen Sie uns betrachten, was die bedeutenden WordPress-Akteure dazu sagen:  <\/p>\n\n<blockquote class=\"wp-block-quote is-layout-flow wp-block-quote-is-layout-flow\">\n<p>Das grundlegende Konzept besteht darin, dass durch die periodische \u00c4nderung Ihrer Schl\u00fcssel und Salts es f\u00fcr b\u00f6swillige Akteure noch schwieriger wird, Zugriff auf Ihre Salts zu erlangen.<\/p>\n\n\n\n<p>Dar\u00fcber hinaus wird durch die \u00c4nderung Ihrer Salts automatisch eine Abmeldung aller angemeldeten Benutzer Ihrer Website erzwungen und sie m\u00fcssen sich erneut anmelden, was einen weiteren potenziellen Vorteil darstellt. Wenn Sie sich beispielsweise versehentlich an einem \u00f6ffentlichen Computer angemeldet und vergessen haben, sich abzumelden, k\u00f6nnen Sie auf diese Weise die Abmeldung dieses Kontos erzwingen, um sicherzustellen, dass niemand Zugriff erh\u00e4lt. <\/p>\n<cite><a href=\"https:\/\/kinsta.com\/knowledgebase\/wordpress-salts\/#plugin\" target=\"_blank\" rel=\"noopener\">Kinsta<\/a><\/cite><\/blockquote>\n\n<blockquote class=\"wp-block-quote is-layout-flow wp-block-quote-is-layout-flow\">\n<p>Wenn die WordPress-Sicherheitsschl\u00fcssel und -Salts ge\u00e4ndert werden, werden alle Benutzer automatisch abgemeldet. Dies ist besonders n\u00fctzlich, wenn Sie sich h\u00e4ufig auf mehreren Ger\u00e4ten oder Browsern bei Ihrer WordPress-Website anmelden, da das Risiko, dass Ihre Anmeldedaten kompromittiert werden, noch h\u00f6her ist. <\/p>\n\n\n\n<p>Die regelm\u00e4\u00dfige \u00c4nderung Ihrer WordPress-Salts und Authentifizierungsschl\u00fcssel ist auch eine effektive Methode, um Hackern den Zugriff auf das Backend Ihrer Website zu verwehren. Sie haben die M\u00f6glichkeit, sie auszusperren, indem Sie die Salt-Schl\u00fcssel und das Passwort \u00e4ndern. <\/p>\n<cite><a href=\"https:\/\/www.hostinger.com\/tutorials\/wordpress-salts\" target=\"_blank\" rel=\"noopener\">Hostinger<\/a><\/cite><\/blockquote>\n\n<blockquote class=\"wp-block-quote is-layout-flow wp-block-quote-is-layout-flow\">\n<p>Wenn Sie sich bei WordPress anmelden, haben Sie die Option, langfristig angemeldet zu bleiben. Um dies zu erreichen, speichert WordPress Ihre Anmeldedaten in Cookies anstatt in einer PHP-Sitzung. B\u00f6swillige Personen k\u00f6nnen Ihre Cookies auf verschiedene Weise kapern und Ihre Website dadurch angreifbar machen.   <\/p>\n\n\n\n<p>Um es Angreifern zu erschweren, Cookie-Daten zu nutzen, k\u00f6nnen Sie SALT-Schl\u00fcssel verwenden. WordPress SALT-Schl\u00fcssel verschl\u00fcsseln Ihr Passwort und machen es schwieriger zu erraten. Dar\u00fcber hinaus ist es f\u00fcr Hacker nahezu unm\u00f6glich, das Ergebnis einfach zu &#8218;entschl\u00fcsseln&#8216;, um an das urspr\u00fcngliche Passwort zu gelangen.  <\/p>\n<cite><a href=\"https:\/\/wpengine.com\/resources\/generate-wordpress-salt-keys\/#Method_1_Using_a_Plugin\" target=\"_blank\" rel=\"noopener\">WPEngine<\/a><\/cite><\/blockquote>\n\n<p>Salt Shaker PRO erm\u00f6glicht es Ihnen, Ihre Salt-Schl\u00fcssel m\u00fchelos zu \u00e4ndern. Es geht sogar noch einen Schritt weiter, um sicherzustellen, dass Sie sie niemals vergessen. <\/p>\n<div class=\"gb-container gb-container-42a1924c\">\n<div class=\"gb-container gb-container-600fea21\">\n\n<div class=\"wp-block-columns is-layout-flex wp-container-core-columns-is-layout-9d6595d7 wp-block-columns-is-layout-flex\">\n<div class=\"wp-block-column is-layout-flow wp-block-column-is-layout-flow\">\n<h2 class=\"gb-headline gb-headline-502accae\"><span class=\"gb-icon\"><svg xmlns=\"http:\/\/www.w3.org\/2000\/svg\" viewbox=\"0 0 256 256\" fill=\"#000000\" height=\"32\" width=\"32\"><path d=\"M184,64V192a8,8,0,0,1-16,0V64a8,8,0,0,1,16,0Zm40-8a8,8,0,0,0-8,8V192a8,8,0,0,0,16,0V64A8,8,0,0,0,224,56Zm-80,72a15.76,15.76,0,0,1-7.33,13.34L48.48,197.49A15.91,15.91,0,0,1,24,184.15V71.85A15.91,15.91,0,0,1,48.48,58.51l88.19,56.15A15.76,15.76,0,0,1,144,128Zm-16.18,0L40,72.08V183.93Z\"><\/path><\/svg><\/span><span class=\"gb-headline-text\">Automatische Generierung<\/span><\/h2>\n\n\n\n<p>Fehlen WordPress-Salt-Schl\u00fcssel? Seien Sie unbesorgt, denn Salt Shaker PRO hat f\u00fcr Sie vorgesorgt. Es stellt das Vorhandensein der Schl\u00fcssel sicher und generiert sie sogar f\u00fcr Sie.  <\/p>\n<\/div>\n\n\n\n<div class=\"wp-block-column is-layout-flow wp-block-column-is-layout-flow\">\n<figure class=\"gb-block-image gb-block-image-1611cc46\"><img decoding=\"async\" width=\"1049\" height=\"262\" class=\"gb-image gb-image-1611cc46\" src=\"https:\/\/saltshakerwp.com\/wp-content\/uploads\/2023\/03\/salt-keys-not-found-notice.png\" alt=\"\" title=\"salt-keys-not-found-notice\" srcset=\"https:\/\/saltshakerwp.com\/wp-content\/uploads\/2023\/03\/salt-keys-not-found-notice.png 1049w, https:\/\/saltshakerwp.com\/wp-content\/uploads\/2023\/03\/salt-keys-not-found-notice-300x75.png 300w, https:\/\/saltshakerwp.com\/wp-content\/uploads\/2023\/03\/salt-keys-not-found-notice-1024x256.png 1024w, https:\/\/saltshakerwp.com\/wp-content\/uploads\/2023\/03\/salt-keys-not-found-notice-768x192.png 768w\" sizes=\"(max-width: 1049px) 100vw, 1049px\" \/><\/figure>\n<\/div>\n<\/div>\n\n<\/div>\n<\/div><div class=\"gb-container gb-container-ba2236bc\">\n<div class=\"gb-container gb-container-24f96d2e\">\n\n<div class=\"wp-block-columns is-layout-flex wp-container-core-columns-is-layout-9d6595d7 wp-block-columns-is-layout-flex\">\n<div class=\"wp-block-column is-layout-flow wp-block-column-is-layout-flow\">\n<h2 class=\"gb-headline gb-headline-dc8f873a\"><span class=\"gb-icon\"><svg xmlns=\"http:\/\/www.w3.org\/2000\/svg\" viewbox=\"0 0 256 256\" fill=\"#000000\" height=\"32\" width=\"32\"><path d=\"M184,64V192a8,8,0,0,1-16,0V64a8,8,0,0,1,16,0Zm40-8a8,8,0,0,0-8,8V192a8,8,0,0,0,16,0V64A8,8,0,0,0,224,56Zm-80,72a15.76,15.76,0,0,1-7.33,13.34L48.48,197.49A15.91,15.91,0,0,1,24,184.15V71.85A15.91,15.91,0,0,1,48.48,58.51l88.19,56.15A15.76,15.76,0,0,1,144,128Zm-16.18,0L40,72.08V183.93Z\"><\/path><\/svg><\/span><span class=\"gb-headline-text\">Manuelle Aktualisierungen<\/span><\/h2>\n\n\n\n<p>Salt Shaker PRO bietet Ihnen die M\u00f6glichkeit, Ihre WordPress-Salt-Schl\u00fcssel manuell zu aktualisieren und bietet zudem die Option, rechtzeitige Erinnerungen zu erhalten, falls Sie es vers\u00e4umen, die Salt-Schl\u00fcssel \u00fcber einen l\u00e4ngeren Zeitraum zu aktualisieren.<\/p>\n<\/div>\n\n\n\n<div class=\"wp-block-column is-layout-flow wp-block-column-is-layout-flow\">\n<figure class=\"gb-block-image gb-block-image-59639584\"><img decoding=\"async\" width=\"1117\" height=\"607\" class=\"gb-image gb-image-59639584\" src=\"https:\/\/saltshakerwp.com\/wp-content\/uploads\/2023\/03\/salt-keys-manual-change.png\" alt=\"\" title=\"salt-keys-manual-change\" srcset=\"https:\/\/saltshakerwp.com\/wp-content\/uploads\/2023\/03\/salt-keys-manual-change.png 1117w, https:\/\/saltshakerwp.com\/wp-content\/uploads\/2023\/03\/salt-keys-manual-change-300x163.png 300w, https:\/\/saltshakerwp.com\/wp-content\/uploads\/2023\/03\/salt-keys-manual-change-1024x556.png 1024w, https:\/\/saltshakerwp.com\/wp-content\/uploads\/2023\/03\/salt-keys-manual-change-768x417.png 768w\" sizes=\"(max-width: 1117px) 100vw, 1117px\" \/><\/figure>\n<\/div>\n<\/div>\n\n<\/div>\n<\/div><div class=\"gb-container gb-container-acf1b355\">\n<div class=\"gb-container gb-container-3263ae20\">\n<div class=\"gb-grid-wrapper gb-grid-wrapper-22b7d705\">\n<div class=\"gb-grid-column gb-grid-column-5bc62504\"><div class=\"gb-container gb-container-5bc62504\">\n\n<h2 class=\"gb-headline gb-headline-61abde67\"><span class=\"gb-icon\"><svg xmlns=\"http:\/\/www.w3.org\/2000\/svg\" viewbox=\"0 0 256 256\" fill=\"#000000\" height=\"32\" width=\"32\"><path d=\"M128,40a96,96,0,1,0,96,96A96.11,96.11,0,0,0,128,40Zm0,176a80,80,0,1,1,80-80A80.09,80.09,0,0,1,128,216ZM173.66,90.34a8,8,0,0,1,0,11.32l-40,40a8,8,0,0,1-11.32-11.32l40-40A8,8,0,0,1,173.66,90.34ZM96,16a8,8,0,0,1,8-8h48a8,8,0,0,1,0,16H104A8,8,0,0,1,96,16Z\"><\/path><\/svg><\/span><span class=\"gb-headline-text\">Geplante Aktualisierungen<\/span><\/h2>\n\n\n\n<p>Salt Shaker PRO bietet Ihnen mehr als nur die M\u00f6glichkeit, regelm\u00e4\u00dfige Aktualisierungen f\u00fcr Ihre WordPress-Salt-Schl\u00fcssel zu planen. Sie haben auch die Freiheit, die genaue Tageszeit, den Wochentag und den Monatstag zu w\u00e4hlen, an dem die Schl\u00fcssel aktualisiert werden sollen. Dar\u00fcber hinaus k\u00f6nnen Sie sich daf\u00fcr entscheiden, E-Mail-Benachrichtigungen zu erhalten, sobald die Aktualisierung abgeschlossen ist.  <\/p>\n\n<\/div><\/div>\n\n<div class=\"gb-grid-column gb-grid-column-4ac87ece\"><div class=\"gb-container gb-container-4ac87ece\">\n\n<figure class=\"gb-block-image gb-block-image-401b49f1\"><img decoding=\"async\" width=\"913\" height=\"728\" class=\"gb-image gb-image-401b49f1\" src=\"https:\/\/saltshakerwp.com\/wp-content\/uploads\/2023\/03\/scheduled-changes-salt-keys.png\" alt=\"\" title=\"scheduled-changes-salt-keys\" srcset=\"https:\/\/saltshakerwp.com\/wp-content\/uploads\/2023\/03\/scheduled-changes-salt-keys.png 913w, https:\/\/saltshakerwp.com\/wp-content\/uploads\/2023\/03\/scheduled-changes-salt-keys-300x239.png 300w, https:\/\/saltshakerwp.com\/wp-content\/uploads\/2023\/03\/scheduled-changes-salt-keys-768x612.png 768w\" sizes=\"(max-width: 913px) 100vw, 913px\" \/><\/figure>\n\n<\/div><\/div>\n<\/div>\n<\/div>\n<\/div><div class=\"gb-container gb-container-7e090605\">\n<div class=\"gb-container gb-container-52a318d1\">\n\n<div style=\"height:30px\" aria-hidden=\"true\" class=\"wp-block-spacer\"><\/div>\n\n\n\n<a class=\"gb-button gb-button-5d2f8c15 gb-button-text\" href=\"\/#buy\">PROBIEREN SIE ES JETZT AUS<\/a>\n\n<\/div>\n<\/div>","protected":false},"excerpt":{"rendered":"<p>Salt Shaker PRO verst\u00e4rkt Ihre WordPress-Sicherheit, indem es Ihnen erm\u00f6glicht, WordPress-Salt-Schl\u00fcssel manuell oder automatisch zu \u00e4ndern. Sie fragen sich vielleicht, ob es tats\u00e4chlich notwendig ist, die Schl\u00fcssel zu \u00e4ndern. Lassen Sie uns betrachten, was die bedeutenden WordPress-Akteure dazu sagen: Das &#8230; <a title=\"Funktionen\" class=\"read-more\" href=\"https:\/\/saltshakerwp.com\/de\/funktionen\/\" aria-label=\"Mehr zu Funktionen\">Read more<\/a><\/p>\n","protected":false},"author":1,"featured_media":0,"parent":0,"menu_order":0,"comment_status":"closed","ping_status":"closed","template":"","meta":{"footnotes":""},"class_list":["post-408","page","type-page","status-publish"],"_links":{"self":[{"href":"https:\/\/saltshakerwp.com\/de\/wp-json\/wp\/v2\/pages\/408","targetHints":{"allow":["GET"]}}],"collection":[{"href":"https:\/\/saltshakerwp.com\/de\/wp-json\/wp\/v2\/pages"}],"about":[{"href":"https:\/\/saltshakerwp.com\/de\/wp-json\/wp\/v2\/types\/page"}],"author":[{"embeddable":true,"href":"https:\/\/saltshakerwp.com\/de\/wp-json\/wp\/v2\/users\/1"}],"replies":[{"embeddable":true,"href":"https:\/\/saltshakerwp.com\/de\/wp-json\/wp\/v2\/comments?post=408"}],"version-history":[{"count":1,"href":"https:\/\/saltshakerwp.com\/de\/wp-json\/wp\/v2\/pages\/408\/revisions"}],"predecessor-version":[{"id":411,"href":"https:\/\/saltshakerwp.com\/de\/wp-json\/wp\/v2\/pages\/408\/revisions\/411"}],"wp:attachment":[{"href":"https:\/\/saltshakerwp.com\/de\/wp-json\/wp\/v2\/media?parent=408"}],"curies":[{"name":"wp","href":"https:\/\/api.w.org\/{rel}","templated":true}]}}