{"id":383,"date":"2025-03-09T21:40:15","date_gmt":"2025-03-09T19:40:15","guid":{"rendered":"https:\/\/saltshakerwp.com\/salt-shaker-free-pro-aenderungsprotokoll\/"},"modified":"2025-05-04T14:52:25","modified_gmt":"2025-05-04T12:52:25","slug":"salt-shaker-free-pro-aenderungsprotokoll","status":"publish","type":"page","link":"https:\/\/saltshakerwp.com\/de\/salt-shaker-free-pro-aenderungsprotokoll\/","title":{"rendered":"Salt Shaker Free &amp; PRO \u00c4nderungsprotokoll"},"content":{"rendered":"\n<h2 class=\"wp-block-heading\">Salt Shaker PRO \u00c4nderungsprotokoll<\/h2>\n\n<p>Hier sind die Neuerungen in Salt Shaker PRO \u2014 verbesserte Leistung und exklusive Funktionen f\u00fcr Premium-Nutzer.<\/p>\n\n<h3 class=\"gb-headline gb-headline-cbb5c6c7 gb-headline-text\">Version 2.0.1 &#8211; 4. Mai 2025<\/h3>\n\n<ul class=\"wp-block-list\">\n<li>Verbesserte Salzerzeugung und -austausch<\/li>\n\n\n\n<li>Kompatibilit\u00e4t mit WordPress 6.8<\/li>\n<\/ul>\n\n<h3 class=\"wp-block-heading\">Version 2.0 &#8211; 9. M\u00e4rz 2025<\/h3>\n\n<ul class=\"wp-block-list\">\n<li>Vollst\u00e4ndige Neugestaltung der Plugin-Architektur \u2014 gleiche hervorragende Funktionalit\u00e4t, verbesserte Leistung.<\/li>\n\n\n\n<li>Brandneue React-basierte Administrator-Oberfl\u00e4che mit einer fl\u00fcssigeren, intuitiveren Benutzererfahrung.<\/li>\n<\/ul>\n\n<h3 class=\"wp-block-heading\">Version 1.0<\/h3>\n\n<ul class=\"wp-block-list\">\n<li>Erstver\u00f6ffentlichung \ud83c\udf89<\/li>\n<\/ul>\n\n<hr class=\"wp-block-separator has-alpha-channel-opacity\"\/>\n\n<h2 class=\"wp-block-heading\">Salt Shaker \u00c4nderungsprotokoll<\/h2>\n\n<h3 class=\"gb-headline gb-headline-6d0eb75a gb-headline-text\">Version 2.0.1 &#8211; 4. Mai 2025<\/h3>\n\n<ul class=\"wp-block-list\">\n<li>Verbesserte Salzerzeugung und -austausch<\/li>\n\n\n\n<li>Kompatibilit\u00e4t mit WordPress 6.8<\/li>\n<\/ul>\n\n<h3 class=\"wp-block-heading\">Version 2.0 &#8211; 9. M\u00e4rz 2025<\/h3>\n\n<ul class=\"wp-block-list\">\n<li>Vollst\u00e4ndige Neugestaltung der Plugin-Architektur \u2014 gleiche hervorragende Funktionalit\u00e4t, verbesserte Leistung.<\/li>\n\n\n\n<li>Brandneue React-basierte Administrator-Oberfl\u00e4che mit einer fl\u00fcssigeren, intuitiveren Benutzererfahrung.<\/li>\n<\/ul>\n\n<h3 class=\"wp-block-heading\">Version 1.4.8<\/h3>\n\n<ul class=\"wp-block-list\">\n<li>Aktualisiert: Freemius SDK.<\/li>\n<\/ul>\n\n<h3 class=\"wp-block-heading\">Version 1.4.7<\/h3>\n\n<ul class=\"wp-block-list\">\n<li>Behoben: Schwerwiegender Fehler, wenn ein Backslash am Ende generierter Schl\u00fcssel auftritt.<\/li>\n<\/ul>\n\n<h3 class=\"wp-block-heading\">Version 1.4.6<\/h3>\n\n<ul class=\"wp-block-list\">\n<li>WordPress 6.7 Kompatibilit\u00e4t.<\/li>\n\n\n\n<li>Generieren Sie Salts lokal, falls der API-Aufruf fehlschl\u00e4gt.<\/li>\n\n\n\n<li>Aktualisiert: Freemius SDK.<\/li>\n<\/ul>\n\n<h3 class=\"wp-block-heading\">Version 1.4.5<\/h3>\n\n<ul class=\"wp-block-list\">\n<li>WordPress 6.6 Kompatibilit\u00e4t.<\/li>\n\n\n\n<li>Anzeigen von Administrator-Benachrichtigungen ausschlie\u00dflich auf der Plugin-Seite.<\/li>\n<\/ul>\n\n<h3 class=\"wp-block-heading\">Version 1.4.4<\/h3>\n\n<ul class=\"wp-block-list\">\n<li>WordPress 6.5 Kompatibilit\u00e4t.<\/li>\n<\/ul>\n\n<h3 class=\"wp-block-heading\">Version 1.4.3<\/h3>\n\n<ul class=\"wp-block-list\">\n<li>WordPress 6.4 Kompatibilit\u00e4t.<\/li>\n<\/ul>\n\n<h3 class=\"wp-block-heading\">Version 1.4.2<\/h3>\n\n<ul class=\"wp-block-list\">\n<li>Geringf\u00fcgige Fehlerbehebungen.<\/li>\n\n\n\n<li>Aktualisiert: Freemius SDK.<\/li>\n<\/ul>\n\n<h3 class=\"wp-block-heading\">Version 1.4.1<\/h3>\n\n<ul class=\"wp-block-list\">\n<li>Schnelle Behebung f\u00fcr den wp-salt Dateipfad.<\/li>\n<\/ul>\n\n<h3 class=\"wp-block-heading\">Version 1.4.0<\/h3>\n\n<ul class=\"wp-block-list\">\n<li>WordPress 6.2 Kompatibilit\u00e4t.<\/li>\n\n\n\n<li>Unterst\u00fctzung f\u00fcr wp-salt Dateien.<\/li>\n\n\n\n<li>Einf\u00fchrung von Salt Shaker PRO.<\/li>\n<\/ul>\n\n<h3 class=\"wp-block-heading\">Version 1.3.2<\/h3>\n\n<ul class=\"wp-block-list\">\n<li>WordPress 6.1 Kompatibilit\u00e4t.<\/li>\n<\/ul>\n\n<h3 class=\"wp-block-heading\">Version 1.3.1<\/h3>\n\n<ul class=\"wp-block-list\">\n<li>WordPress 6.0 Kompatibilit\u00e4t.<\/li>\n\n\n\n<li>Behoben: Problem, bei dem AUTH_KEY und AUTH_SALT Schl\u00fcssel nicht ge\u00e4ndert wurden.<\/li>\n<\/ul>\n\n<h3 class=\"wp-block-heading\">Version 1.3.0<\/h3>\n\n<ul class=\"wp-block-list\">\n<li>Getestet mit WordPress 5.9.<\/li>\n<\/ul>\n\n<h3 class=\"wp-block-heading\">Version 1.2.9<\/h3>\n\n<ul class=\"wp-block-list\">\n<li>WordPress 5.8 Kompatibilit\u00e4t.<\/li>\n<\/ul>\n\n<h3 class=\"wp-block-heading\">Version 1.2.8<\/h3>\n\n<ul class=\"wp-block-list\">\n<li>WordPress 5.7 Kompatibilit\u00e4t.<\/li>\n<\/ul>\n\n<h3 class=\"wp-block-heading\">Version 1.2.7<\/h3>\n\n<ul class=\"wp-block-list\">\n<li>WordPress 5.5 Kompatibilit\u00e4t.<\/li>\n<\/ul>\n\n<h3 class=\"wp-block-heading\">Version 1.2.6<\/h3>\n\n<ul class=\"wp-block-list\">\n<li>WordPress 5.4 Kompatibilit\u00e4t.<\/li>\n\n\n\n<li>Ersetzung benutzerdefinierter Funktionen durch Standard-WP-Funktionen.<\/li>\n<\/ul>\n\n<h3 class=\"wp-block-heading\">Version 1.2.5<\/h3>\n\n<ul class=\"wp-block-list\">\n<li>Verbesserte Internationalisierung.<\/li>\n\n\n\n<li>WordPress 5.3 Kompatibilit\u00e4t.<\/li>\n<\/ul>\n\n<h3 class=\"wp-block-heading\">Version 1.2.4<\/h3>\n\n<ul class=\"wp-block-list\">\n<li>Beibehaltung der urspr\u00fcnglichen Berechtigungen der Konfigurationsdatei.<\/li>\n\n\n\n<li>Leistungsverbesserungen.<\/li>\n<\/ul>\n\n<h3 class=\"wp-block-heading\">Version 1.4.1<\/h3>\n\n<ul class=\"wp-block-list\">\n<li>Schnelle Behebung f\u00fcr den wp-salt Dateipfad.<\/li>\n<\/ul>\n\n<h3 class=\"wp-block-heading\">Version 1.4.0<\/h3>\n\n<ul class=\"wp-block-list\">\n<li>WordPress 6.2 Kompatibilit\u00e4t.<\/li>\n\n\n\n<li>Unterst\u00fctzung f\u00fcr wp-salt Dateien.<\/li>\n\n\n\n<li>Einf\u00fchrung von Salt Shaker PRO.<\/li>\n<\/ul>\n\n<h3 class=\"wp-block-heading\">Version 1.3.2<\/h3>\n\n<ul class=\"wp-block-list\">\n<li>WordPress 6.1 Kompatibilit\u00e4t.<\/li>\n<\/ul>\n\n<h3 class=\"wp-block-heading\">Version 1.3.1<\/h3>\n\n<ul class=\"wp-block-list\">\n<li>WordPress 6.0 Kompatibilit\u00e4t.<\/li>\n\n\n\n<li>Behoben: AUTH_KEY und AUTH_SALT Schl\u00fcssel \u00e4nderten sich nicht ordnungsgem\u00e4\u00df.<\/li>\n<\/ul>\n\n<h3 class=\"wp-block-heading\">Version 1.3.0<\/h3>\n\n<ul class=\"wp-block-list\">\n<li>Getestet mit WordPress 5.9.<\/li>\n<\/ul>\n\n<h3 class=\"wp-block-heading\">Version 1.2.9<\/h3>\n\n<ul class=\"wp-block-list\">\n<li>WordPress 5.8 Kompatibilit\u00e4t.<\/li>\n<\/ul>\n\n<h3 class=\"wp-block-heading\">Version 1.2.8<\/h3>\n\n<ul class=\"wp-block-list\">\n<li>WordPress 5.7 Kompatibilit\u00e4t.<\/li>\n<\/ul>\n\n<h3 class=\"wp-block-heading\">Version 1.2.7<\/h3>\n\n<ul class=\"wp-block-list\">\n<li>WordPress 5.5 Kompatibilit\u00e4t.<\/li>\n<\/ul>\n\n<h3 class=\"wp-block-heading\">Version 1.2.6<\/h3>\n\n<ul class=\"wp-block-list\">\n<li>WordPress 5.4 Kompatibilit\u00e4t.<\/li>\n\n\n\n<li>Ersetzung einiger benutzerdefinierter Funktionen durch Standard-WP-Funktionen.<\/li>\n<\/ul>\n\n<h3 class=\"wp-block-heading\">Version 1.2.5<\/h3>\n\n<ul class=\"wp-block-list\">\n<li>Verbesserte Internationalisierung.<\/li>\n\n\n\n<li>WordPress 5.3 Kompatibilit\u00e4t.<\/li>\n<\/ul>\n\n<h3 class=\"wp-block-heading\">Version 1.2.4<\/h3>\n\n<ul class=\"wp-block-list\">\n<li>Beibehaltung der urspr\u00fcnglichen Konfigurationsdatei-Berechtigungen.<\/li>\n\n\n\n<li>Leistungsverbesserungen.<\/li>\n<\/ul>\n\n<h3 class=\"wp-block-heading\">Version 1.2.3<\/h3>\n\n<ul class=\"wp-block-list\">\n<li>\u00c4nderung der Konfigurationsberechtigungen auf 0640.<\/li>\n\n\n\n<li>Hinzuf\u00fcgung von Filtern f\u00fcr zus\u00e4tzliche Salts.<\/li>\n<\/ul>\n\n<h3 class=\"wp-block-heading\">Version 1.2.2<\/h3>\n\n<ul class=\"wp-block-list\">\n<li>Getestet mit WordPress 5.1.<\/li>\n\n\n\n<li>Hinzuf\u00fcgung eines Einstellungsseiten-Links von der Plugin-Seite.<\/li>\n\n\n\n<li>Weiterleitung zur Anmeldung nach sofortiger Salt-\u00c4nderung.<\/li>\n\n\n\n<li>\u00dcberpr\u00fcfung, ob wp-config.php beschreibbar ist.<\/li>\n\n\n\n<li>Filter zur Definition benutzerdefinierter Salts-Datei: <code>salt_shaker_salts_file<\/code>.<\/li>\n<\/ul>\n\n<h3 class=\"wp-block-heading\">Version 1.2.1<\/h3>\n\n<ul class=\"wp-block-list\">\n<li>Getestet mit WordPress 5.0.<\/li>\n\n\n\n<li>#11: Hinzuf\u00fcgung viertelj\u00e4hrlicher und halbj\u00e4hrlicher Intervalle.<\/li>\n\n\n\n<li>Behebung des Problems, wenn wp-config sich au\u00dferhalb des Stammverzeichnisses befindet.<\/li>\n\n\n\n<li>Behebung des Cron-Update-Fehlers \u2014 alter Cron wird nun ordnungsgem\u00e4\u00df entfernt.<\/li>\n<\/ul>\n\n<h3 class=\"wp-block-heading\">Version 1.2.0<\/h3>\n\n<ul class=\"wp-block-list\">\n<li>Getestet mit WordPress 4.9.<\/li>\n\n\n\n<li>#9: \u00c4nderung der Salts, wenn wp-config.php eine Ebene \u00fcber dem Dokumentenstamm liegt.<\/li>\n\n\n\n<li>Festlegung korrekter Berechtigungen f\u00fcr wp-config.php gem\u00e4\u00df Codex.<\/li>\n<\/ul>\n\n<h3 class=\"wp-block-heading\">Version 1.1.6<\/h3>\n\n<ul class=\"wp-block-list\">\n<li>#8: \u00c4nderung der Zeilenenden auf LF.<\/li>\n<\/ul>\n\n<h3 class=\"wp-block-heading\">Version 1.1.5<\/h3>\n\n<ul class=\"wp-block-list\">\n<li>Sicherheitsverbesserungen.<\/li>\n<\/ul>\n\n<h3 class=\"wp-block-heading\">Version 1.1.4<\/h3>\n\n<ul class=\"wp-block-list\">\n<li>Sicherstellung von Administratorrechten vor AJAX-Anfragen.<\/li>\n\n\n\n<li>Escaping von Attributen mit <code>esc_attr_e<\/code>.<\/li>\n<\/ul>\n\n<h3 class=\"wp-block-heading\">Version 1.1.3<\/h3>\n\n<ul class=\"wp-block-list\">\n<li>WordPress 4.8 Kompatibilit\u00e4t.<\/li>\n<\/ul>\n\n<h3 class=\"wp-block-heading\">Version 1.1.2<\/h3>\n\n<ul class=\"wp-block-list\">\n<li>WordPress 4.7 Kompatibilit\u00e4t.<\/li>\n<\/ul>\n\n<h3 class=\"wp-block-heading\">Version 1.1.1<\/h3>\n\n<ul class=\"wp-block-list\">\n<li>Bearbeitung der arabischen \u00dcbersetzungsdatei.<\/li>\n<\/ul>\n\n<h3 class=\"wp-block-heading\">Version 1.1.0<\/h3>\n\n<ul class=\"wp-block-list\">\n<li>Einige Verbesserungen.<\/li>\n\n\n\n<li>Mehrsprachig vorbereitet.<\/li>\n<\/ul>\n\n<h3 class=\"wp-block-heading\">Version 1.0.0<\/h3>\n\n<ul class=\"wp-block-list\">\n<li>Erstver\u00f6ffentlichung \ud83c\udf89<\/li>\n<\/ul>\n","protected":false},"excerpt":{"rendered":"<p>Salt Shaker PRO \u00c4nderungsprotokoll Hier sind die Neuerungen in Salt Shaker PRO \u2014 verbesserte Leistung und exklusive Funktionen f\u00fcr Premium-Nutzer. Version 2.0.1 &#8211; 4. Mai 2025 Version 2.0 &#8211; 9. M\u00e4rz 2025 Version 1.0 Salt Shaker \u00c4nderungsprotokoll Version 2.0.1 &#8211; &#8230; <a title=\"Salt Shaker Free &amp; PRO \u00c4nderungsprotokoll\" class=\"read-more\" href=\"https:\/\/saltshakerwp.com\/de\/salt-shaker-free-pro-aenderungsprotokoll\/\" aria-label=\"Mehr zu Salt Shaker Free &amp; PRO \u00c4nderungsprotokoll\">Read more<\/a><\/p>\n","protected":false},"author":1,"featured_media":0,"parent":0,"menu_order":0,"comment_status":"closed","ping_status":"closed","template":"","meta":{"footnotes":""},"class_list":["post-383","page","type-page","status-publish"],"_links":{"self":[{"href":"https:\/\/saltshakerwp.com\/de\/wp-json\/wp\/v2\/pages\/383","targetHints":{"allow":["GET"]}}],"collection":[{"href":"https:\/\/saltshakerwp.com\/de\/wp-json\/wp\/v2\/pages"}],"about":[{"href":"https:\/\/saltshakerwp.com\/de\/wp-json\/wp\/v2\/types\/page"}],"author":[{"embeddable":true,"href":"https:\/\/saltshakerwp.com\/de\/wp-json\/wp\/v2\/users\/1"}],"replies":[{"embeddable":true,"href":"https:\/\/saltshakerwp.com\/de\/wp-json\/wp\/v2\/comments?post=383"}],"version-history":[{"count":2,"href":"https:\/\/saltshakerwp.com\/de\/wp-json\/wp\/v2\/pages\/383\/revisions"}],"predecessor-version":[{"id":464,"href":"https:\/\/saltshakerwp.com\/de\/wp-json\/wp\/v2\/pages\/383\/revisions\/464"}],"wp:attachment":[{"href":"https:\/\/saltshakerwp.com\/de\/wp-json\/wp\/v2\/media?parent=383"}],"curies":[{"name":"wp","href":"https:\/\/api.w.org\/{rel}","templated":true}]}}